{"id":15859,"date":"2019-07-05T10:43:40","date_gmt":"2019-07-05T07:43:40","guid":{"rendered":"http:\/\/www.altekkalip.com\/about-us\/"},"modified":"2026-01-09T19:00:26","modified_gmt":"2026-01-09T16:00:26","slug":"about-us","status":"publish","type":"page","link":"https:\/\/www.altekkalip.com\/en\/about-us\/","title":{"rendered":"About Us"},"content":{"rendered":"<div class=\"wpb-content-wrapper\"><p>[vc_row css_animation=&#8221;&#8221; row_type=&#8221;row&#8221; use_row_as_full_screen_section=&#8221;no&#8221; type=&#8221;grid&#8221; angled_section=&#8221;no&#8221; text_align=&#8221;left&#8221; background_image_as_pattern=&#8221;without_pattern&#8221; padding_top=&#8221;40&#8243; z_index=&#8221;&#8221;][vc_column][vc_column_text]<\/p>\n<h1 style=\"text-align: left;\">Altek Kal\u0131p<\/h1>\n<p>[\/vc_column_text][vc_separator type=&#8221;small&#8221; position=&#8221;left&#8221; up=&#8221;20&#8243; down=&#8221;30&#8243; color=&#8221;#312782&#8243; thickness=&#8221;4&#8243; width=&#8221;48&#8243;][vc_column_text css=&#8221;&#8221;]Altek Kal\u0131p ve Pres D\u00f6k\u00fcm, with over 50 years of experience since 1973, has been operating in Tuzla \/ Istanbul since 2013 after restructuring. With its expert team, the company provides services to various sectors in metal injection mold manufacturing, high-pressure cold chamber and hot chamber metal injection presses, as well as machining with CNC and universal machines. The company can produce aluminium and zamak (aluminium\/copper\/zinc alloy) cast parts ranging from 5 grams to 7500 grams, offering customers the advantage of lower unit costs through injection mold manufacturing and processing support.<\/p>\n<p>&nbsp;<\/p>\n<p>Our company;<\/p>\n<p>&nbsp;<\/p>\n<p>Is dedicated to providing the best service to its customers by producing parts for the automotive, electrical, electronics, and lighting industries, as well as souvenirs, burner-boiler connection parts, furniture and machinery components, and main body and connection parts for truck group.<\/p>\n<p>&nbsp;<\/p>\n<p>The industries and markets, where our products are primarily used, are as follows;<\/p>\n<ul>\n<li>Automotive<\/li>\n<li>Electrical and Electronics<\/li>\n<li>Hardware and Tools<\/li>\n<li>Furniture<\/li>\n<li>Machinery Parts<\/li>\n<li>Industrial Products<\/li>\n<li>Telecommunications<\/li>\n<li>Window and Door Fittings<\/li>\n<li>Tools and Retail Products<\/li>\n<li>Lighting<\/li>\n<\/ul>\n<p>[\/vc_column_text][vc_empty_space][vc_row_inner row_type=&#8221;row&#8221; type=&#8221;full_width&#8221; text_align=&#8221;left&#8221; css_animation=&#8221;&#8221;][vc_column_inner width=&#8221;1\/4&#8243;][\/vc_column_inner][vc_column_inner width=&#8221;1\/2&#8243;][vc_column_text css=&#8221;&#8221;]<video poster=\"https:\/\/www.altekkalip.com\/altek.png\" controls=\"controls\" width=\"100%\" height=\"auto\"><source type=\"video\/mp4\" src=\"https:\/\/www.altekkalip.com\/ALTEK_001.mp4\" \/><\/video>[\/vc_column_text][vc_empty_space][\/vc_column_inner][vc_column_inner width=&#8221;1\/4&#8243;][\/vc_column_inner][\/vc_row_inner][vc_column_text]<\/p>\n<h2 style=\"text-align: left;\">Quality and Trademark Registration Documents<\/h2>\n<p>[\/vc_column_text][vc_separator type=&#8221;small&#8221; position=&#8221;left&#8221; up=&#8221;20&#8243; down=&#8221;30&#8243; color=&#8221;#312782&#8243; thickness=&#8221;4&#8243; width=&#8221;48&#8243;][\/vc_column][\/vc_row][vc_row css_animation=&#8221;&#8221; row_type=&#8221;row&#8221; use_row_as_full_screen_section=&#8221;no&#8221; type=&#8221;grid&#8221; angled_section=&#8221;no&#8221; text_align=&#8221;left&#8221; background_image_as_pattern=&#8221;without_pattern&#8221; z_index=&#8221;&#8221;][vc_column width=&#8221;1\/5&#8243;][vc_single_image image=&#8221;16894&#8243; img_size=&#8221;full&#8221; alignment=&#8221;center&#8221; onclick=&#8221;link_image&#8221; css=&#8221;&#8221; qode_css_animation=&#8221;&#8221;][vc_empty_space][\/vc_column][vc_column width=&#8221;1\/5&#8243;][vc_single_image image=&#8221;16897&#8243; img_size=&#8221;full&#8221; alignment=&#8221;center&#8221; onclick=&#8221;link_image&#8221; css=&#8221;&#8221; qode_css_animation=&#8221;&#8221;][vc_empty_space][\/vc_column][vc_column width=&#8221;1\/5&#8243;][vc_single_image image=&#8221;16900&#8243; img_size=&#8221;full&#8221; alignment=&#8221;center&#8221; onclick=&#8221;link_image&#8221; css=&#8221;&#8221; qode_css_animation=&#8221;&#8221;][vc_empty_space][\/vc_column][vc_column width=&#8221;1\/5&#8243;][vc_single_image image=&#8221;16328&#8243; img_size=&#8221;full&#8221; alignment=&#8221;center&#8221; onclick=&#8221;link_image&#8221; css=&#8221;&#8221; qode_css_animation=&#8221;&#8221;][vc_empty_space][\/vc_column][vc_column width=&#8221;1\/5&#8243;][vc_single_image image=&#8221;16100&#8243; img_size=&#8221;large&#8221; alignment=&#8221;center&#8221; onclick=&#8221;link_image&#8221; qode_css_animation=&#8221;&#8221;][vc_empty_space][\/vc_column][\/vc_row][vc_row css_animation=&#8221;&#8221; row_type=&#8221;row&#8221; use_row_as_full_screen_section=&#8221;no&#8221; type=&#8221;full_width&#8221; angled_section=&#8221;no&#8221; text_align=&#8221;left&#8221; background_image_as_pattern=&#8221;without_pattern&#8221; padding_top=&#8221;7&#8243; padding_bottom=&#8221;2&#8243; css=&#8221;.vc_custom_1562069509805{background-color: #312782 !important;}&#8221; z_index=&#8221;&#8221;][vc_column]<div class=\"container_inner\"><div class=\"call_to_action normal\" style=\"background-color: #312782;\"><div class=\"two_columns_75_25 clearfix\"><div class=\"text_wrapper column1\"><div class=\"call_to_action_text \" style=\"\">\n<h2><span style=\"color: #ffffff;\">Phone : + 90 216 482 41 46<\/span><\/h2>\n<h5><span style=\"color: #ffffff;\"><strong>If you fill in the contact form, you will be returned as soon as possible.<\/strong><\/span><\/h5>\n<\/div><\/div><div class=\"button_wrapper column2\"><a itemprop=\"url\" href=\"https:\/\/www.altekkalip.com\/en\/contact\/\" class=\"qbutton white \" target=\"_self\" style=\"color: #1a1a1a;border-color: #ffffff;background-color: #ffffff;\"data-hover-background-color=#1a1a1a data-hover-border-color=#1a1a1a data-hover-color=#ffffff>CONTACT FORM<\/a><\/div><\/div><\/div><\/div>[\/vc_column][\/vc_row]<\/p>\n<\/div>","protected":false},"excerpt":{"rendered":"<p>[vc_row css_animation=&#8221;&#8221; row_type=&#8221;row&#8221; use_row_as_full_screen_section=&#8221;no&#8221; type=&#8221;grid&#8221; angled_section=&#8221;no&#8221; text_align=&#8221;left&#8221; background_image_as_pattern=&#8221;without_pattern&#8221; padding_top=&#8221;40&#8243; z_index=&#8221;&#8221;][vc_column][vc_column_text] Altek Kal\u0131p [\/vc_column_text][vc_separator type=&#8221;small&#8221; position=&#8221;left&#8221; up=&#8221;20&#8243; down=&#8221;30&#8243; color=&#8221;#312782&#8243; thickness=&#8221;4&#8243; width=&#8221;48&#8243;][vc_column_text css=&#8221;&#8221;]Altek Kal\u0131p ve Pres D\u00f6k\u00fcm, with over 50 years of experience since 1973, has been operating in Tuzla \/ Istanbul since 2013 after restructuring. With&#8230;<\/p>\n","protected":false},"author":1,"featured_media":0,"parent":0,"menu_order":0,"comment_status":"open","ping_status":"closed","template":"full_width.php","meta":{"footnotes":""},"class_list":["post-15859","page","type-page","status-publish","hentry"],"aioseo_notices":[],"post_mailing_queue_ids":[],"_links":{"self":[{"href":"https:\/\/www.altekkalip.com\/en\/wp-json\/wp\/v2\/pages\/15859","targetHints":{"allow":["GET"]}}],"collection":[{"href":"https:\/\/www.altekkalip.com\/en\/wp-json\/wp\/v2\/pages"}],"about":[{"href":"https:\/\/www.altekkalip.com\/en\/wp-json\/wp\/v2\/types\/page"}],"author":[{"embeddable":true,"href":"https:\/\/www.altekkalip.com\/en\/wp-json\/wp\/v2\/users\/1"}],"replies":[{"embeddable":true,"href":"https:\/\/www.altekkalip.com\/en\/wp-json\/wp\/v2\/comments?post=15859"}],"version-history":[{"count":10,"href":"https:\/\/www.altekkalip.com\/en\/wp-json\/wp\/v2\/pages\/15859\/revisions"}],"predecessor-version":[{"id":16904,"href":"https:\/\/www.altekkalip.com\/en\/wp-json\/wp\/v2\/pages\/15859\/revisions\/16904"}],"wp:attachment":[{"href":"https:\/\/www.altekkalip.com\/en\/wp-json\/wp\/v2\/media?parent=15859"}],"curies":[{"name":"wp","href":"https:\/\/api.w.org\/{rel}","templated":true}]}}