{"id":15857,"date":"2019-07-04T13:14:48","date_gmt":"2019-07-04T10:14:48","guid":{"rendered":"http:\/\/www.altekkalip.com\/home-page\/"},"modified":"2025-11-10T15:11:40","modified_gmt":"2025-11-10T12:11:40","slug":"home-page","status":"publish","type":"page","link":"https:\/\/www.altekkalip.com\/en\/","title":{"rendered":"Home Page"},"content":{"rendered":"<div class=\"wpb-content-wrapper\"><p>[vc_row css_animation=&#8221;&#8221; row_type=&#8221;row&#8221; use_row_as_full_screen_section=&#8221;no&#8221; type=&#8221;full_width&#8221; angled_section=&#8221;no&#8221; text_align=&#8221;left&#8221; background_image_as_pattern=&#8221;without_pattern&#8221; padding_bottom=&#8221;32&#8243; el_class=&#8221;gallery_nav_right&#8221;][vc_column]\n\t\t\t<!-- START homeslider1en REVOLUTION SLIDER 6.7.25 --><p class=\"rs-p-wp-fix\"><\/p>\n\t\t\t<rs-module-wrap id=\"rev_slider_2_1_wrapper\" data-source=\"gallery\" style=\"visibility:hidden;background:#303030;padding:0;margin:0px auto;margin-top:0;margin-bottom:0;\">\n\t\t\t\t<rs-module id=\"rev_slider_2_1\" style=\"\" data-version=\"6.7.25\">\n\t\t\t\t\t<rs-slides style=\"overflow: hidden; position: absolute;\">\n\t\t\t\t\t\t<rs-slide style=\"position: absolute;\" data-key=\"rs-4\" data-title=\"Slide\" data-thumb=\"\/\/www.altekkalip.com\/wp-content\/uploads\/2019\/05\/slide-1-100x50.jpg\" data-anim=\"e:slidingoverlay;\" data-in=\"o:1;x:-100%;\" data-out=\"a:false;\">\n\t\t\t\t\t\t\t<img decoding=\"async\" src=\"\/\/www.altekkalip.com\/wp-content\/plugins\/revslider\/sr6\/assets\/assets\/dummy.png\" alt=\"\" title=\"Home Page\" class=\"rev-slidebg tp-rs-img rs-lazyload\" data-lazyload=\"\/\/www.altekkalip.com\/wp-content\/uploads\/2019\/05\/slide-1.jpg\" data-parallax=\"9\" data-no-retina>\n<!--\n\t\t\t\t\t\t\t--><rs-layer\n\t\t\t\t\t\t\t\tid=\"slider-2-slide-4-layer-1\" \n\t\t\t\t\t\t\t\tdata-type=\"text\"\n\t\t\t\t\t\t\t\tdata-xy=\"xo:15px,25px,89px,43px;y:m;yo:-255px,-245px,-215px,-175px;\"\n\t\t\t\t\t\t\t\tdata-text=\"s:15;l:22;fw:700;a:inherit;\"\n\t\t\t\t\t\t\t\tdata-rsp_o=\"off\"\n\t\t\t\t\t\t\t\tdata-rsp_bd=\"off\"\n\t\t\t\t\t\t\t\tdata-frame_0=\"x:50px;\"\n\t\t\t\t\t\t\t\tdata-frame_1=\"e:power3.out;st:300;sp:500;sR:300;\"\n\t\t\t\t\t\t\t\tdata-frame_999=\"o:0;e:power3.out;st:5800;sR:5000;\"\n\t\t\t\t\t\t\t\tstyle=\"z-index:5;font-family:'Roboto';\"\n\t\t\t\t\t\t\t>ALTEK KALIP\n \n\t\t\t\t\t\t\t<\/rs-layer><!--\n\n\t\t\t\t\t\t\t--><rs-layer\n\t\t\t\t\t\t\t\tid=\"slider-2-slide-4-layer-2\" \n\t\t\t\t\t\t\t\tdata-type=\"image\"\n\t\t\t\t\t\t\t\tdata-xy=\"xo:1px,11px,75px,29px;y:m;yo:-255px,-245px,-215px,-175px;\"\n\t\t\t\t\t\t\t\tdata-text=\"l:22;a:inherit;\"\n\t\t\t\t\t\t\t\tdata-dim=\"w:[&#039;4px&#039;,&#039;4px&#039;,&#039;4px&#039;,&#039;4px&#039;];h:[&#039;19px&#039;,&#039;19px&#039;,&#039;19px&#039;,&#039;19px&#039;];\"\n\t\t\t\t\t\t\t\tdata-rsp_o=\"off\"\n\t\t\t\t\t\t\t\tdata-rsp_bd=\"off\"\n\t\t\t\t\t\t\t\tdata-frame_0=\"x:50px;\"\n\t\t\t\t\t\t\t\tdata-frame_1=\"e:power3.out;st:300;sp:500;sR:300;\"\n\t\t\t\t\t\t\t\tdata-frame_999=\"o:0;e:power3.out;st:5800;sR:5000;\"\n\t\t\t\t\t\t\t\tstyle=\"z-index:6;\"\n\t\t\t\t\t\t\t><img decoding=\"async\" src=\"\/\/www.altekkalip.com\/wp-content\/plugins\/revslider\/sr6\/assets\/assets\/dummy.png\" alt=\"\" class=\"tp-rs-img rs-lazyload\" width=\"4\" height=\"19\" data-lazyload=\"\/\/www.altekkalip.com\/wp-content\/uploads\/2020\/09\/slider-10.png\" data-no-retina> \n\t\t\t\t\t\t\t<\/rs-layer><!--\n\n\t\t\t\t\t\t\t--><rs-layer\n\t\t\t\t\t\t\t\tid=\"slider-2-slide-4-layer-3\" \n\t\t\t\t\t\t\t\tdata-type=\"text\"\n\t\t\t\t\t\t\t\tdata-xy=\"xo:2px,10px,74px,26px;y:m;yo:-115px,-145px,-115px,-75px;\"\n\t\t\t\t\t\t\t\tdata-text=\"w:normal;s:48,68,58,38;l:53,73,73,43;fw:700;a:inherit;\"\n\t\t\t\t\t\t\t\tdata-dim=\"w:804px,722px,616px,298px;h:227px,auto,147px,148px;\"\n\t\t\t\t\t\t\t\tdata-rsp_o=\"off\"\n\t\t\t\t\t\t\t\tdata-rsp_bd=\"off\"\n\t\t\t\t\t\t\t\tdata-frame_0=\"x:50px;\"\n\t\t\t\t\t\t\t\tdata-frame_1=\"e:power3.out;st:500;sp:500;sR:500;\"\n\t\t\t\t\t\t\t\tdata-frame_999=\"o:0;e:power3.out;st:5800;sR:4800;\"\n\t\t\t\t\t\t\t\tstyle=\"z-index:7;font-family:'Roboto';\"\n\t\t\t\t\t\t\t>Combining Technologies for <span style=\" color: #0000A0;\"> Quality<\/span> \n\t\t\t\t\t\t\t<\/rs-layer><!--\n\n\t\t\t\t\t\t\t--><rs-layer\n\t\t\t\t\t\t\t\tid=\"slider-2-slide-4-layer-4\" \n\t\t\t\t\t\t\t\tdata-type=\"text\"\n\t\t\t\t\t\t\t\tdata-xy=\"xo:0,10px,74px,30px;y:m;yo:-27px,-27px,3px,83px;\"\n\t\t\t\t\t\t\t\tdata-text=\"w:normal;s:18,18,18,16;l:28;fw:300;a:inherit;\"\n\t\t\t\t\t\t\t\tdata-dim=\"w:440px,657px,570px,236px;h:59px,58px,59px,auto;\"\n\t\t\t\t\t\t\t\tdata-rsp_o=\"off\"\n\t\t\t\t\t\t\t\tdata-rsp_bd=\"off\"\n\t\t\t\t\t\t\t\tdata-frame_0=\"x:50px;\"\n\t\t\t\t\t\t\t\tdata-frame_1=\"e:power3.out;st:700;sp:500;sR:700;\"\n\t\t\t\t\t\t\t\tdata-frame_999=\"o:0;e:power3.out;st:5800;sR:4600;\"\n\t\t\t\t\t\t\t\tstyle=\"z-index:8;font-family:'Roboto';\"\n\t\t\t\t\t\t\t>We offer services with modern, technological equipment. \n\t\t\t\t\t\t\t<\/rs-layer><!--\n\n\t\t\t\t\t\t\t--><rs-layer\n\t\t\t\t\t\t\t\tid=\"slider-2-slide-4-layer-5\" \n\t\t\t\t\t\t\t\tdata-type=\"text\"\n\t\t\t\t\t\t\t\tdata-xy=\"xo:0,10px,74px,74px;y:m;yo:70px,60px,90px,90px;\"\n\t\t\t\t\t\t\t\tdata-text=\"w:normal;l:22;a:inherit;\"\n\t\t\t\t\t\t\t\tdata-vbility=\"t,t,t,f\"\n\t\t\t\t\t\t\t\tdata-rsp_o=\"off\"\n\t\t\t\t\t\t\t\tdata-rsp_bd=\"off\"\n\t\t\t\t\t\t\t\tdata-frame_0=\"x:50px;\"\n\t\t\t\t\t\t\t\tdata-frame_1=\"e:power3.out;st:900;sp:500;sR:900;\"\n\t\t\t\t\t\t\t\tdata-frame_999=\"o:0;e:power3.out;st:5800;sR:4400;\"\n\t\t\t\t\t\t\t\tstyle=\"z-index:9;font-family:'Roboto';\"\n\t\t\t\t\t\t\t><a  itemprop=\"url\" href=\"https:\/\/www.altekkalip.com\/en\/about-us\/\" target=\"_self\"  class=\"qbutton  default\" style=\"\">About Us<\/a> \n\t\t\t\t\t\t\t<\/rs-layer><!--\n-->\t\t\t\t\t<\/rs-slide>\n\t\t\t\t\t\t<rs-slide style=\"position: absolute;\" data-key=\"rs-5\" data-title=\"Slide\" data-thumb=\"\/\/www.altekkalip.com\/wp-content\/uploads\/2019\/05\/slide-2-100x50.jpg\" data-anim=\"e:slidingoverlay;\" data-in=\"o:1;x:-100%;\" data-out=\"a:false;\">\n\t\t\t\t\t\t\t<img decoding=\"async\" src=\"\/\/www.altekkalip.com\/wp-content\/plugins\/revslider\/sr6\/assets\/assets\/dummy.png\" alt=\"\" title=\"Home Page\" class=\"rev-slidebg tp-rs-img rs-lazyload\" data-lazyload=\"\/\/www.altekkalip.com\/wp-content\/uploads\/2019\/05\/slide-2.jpg\" data-parallax=\"9\" data-no-retina>\n<!--\n\t\t\t\t\t\t\t--><rs-layer\n\t\t\t\t\t\t\t\tid=\"slider-2-slide-5-layer-1\" \n\t\t\t\t\t\t\t\tdata-type=\"text\"\n\t\t\t\t\t\t\t\tdata-xy=\"xo:15px,25px,89px,43px;y:m;yo:-255px,-245px,-215px,-175px;\"\n\t\t\t\t\t\t\t\tdata-text=\"s:15;l:22;fw:700;a:inherit;\"\n\t\t\t\t\t\t\t\tdata-rsp_o=\"off\"\n\t\t\t\t\t\t\t\tdata-rsp_bd=\"off\"\n\t\t\t\t\t\t\t\tdata-frame_0=\"x:50px;\"\n\t\t\t\t\t\t\t\tdata-frame_1=\"e:power3.out;st:300;sp:500;sR:300;\"\n\t\t\t\t\t\t\t\tdata-frame_999=\"o:0;e:power3.out;st:5800;sR:5000;\"\n\t\t\t\t\t\t\t\tstyle=\"z-index:5;font-family:'Roboto';\"\n\t\t\t\t\t\t\t>ALTEK KALIP \n\t\t\t\t\t\t\t<\/rs-layer><!--\n\n\t\t\t\t\t\t\t--><rs-layer\n\t\t\t\t\t\t\t\tid=\"slider-2-slide-5-layer-2\" \n\t\t\t\t\t\t\t\tdata-type=\"image\"\n\t\t\t\t\t\t\t\tdata-xy=\"xo:1px,11px,75px,29px;y:m;yo:-255px,-245px,-215px,-175px;\"\n\t\t\t\t\t\t\t\tdata-text=\"l:22;a:inherit;\"\n\t\t\t\t\t\t\t\tdata-dim=\"w:[&#039;4px&#039;,&#039;4px&#039;,&#039;4px&#039;,&#039;4px&#039;];h:[&#039;19px&#039;,&#039;19px&#039;,&#039;19px&#039;,&#039;19px&#039;];\"\n\t\t\t\t\t\t\t\tdata-rsp_o=\"off\"\n\t\t\t\t\t\t\t\tdata-rsp_bd=\"off\"\n\t\t\t\t\t\t\t\tdata-frame_0=\"x:50px;\"\n\t\t\t\t\t\t\t\tdata-frame_1=\"e:power3.out;st:300;sp:500;sR:300;\"\n\t\t\t\t\t\t\t\tdata-frame_999=\"o:0;e:power3.out;st:5800;sR:5000;\"\n\t\t\t\t\t\t\t\tstyle=\"z-index:6;\"\n\t\t\t\t\t\t\t><img decoding=\"async\" src=\"\/\/www.altekkalip.com\/wp-content\/plugins\/revslider\/sr6\/assets\/assets\/dummy.png\" alt=\"\" class=\"tp-rs-img rs-lazyload\" width=\"4\" height=\"19\" data-lazyload=\"\/\/www.altekkalip.com\/wp-content\/uploads\/2020\/09\/slider-10.png\" data-no-retina> \n\t\t\t\t\t\t\t<\/rs-layer><!--\n\n\t\t\t\t\t\t\t--><rs-layer\n\t\t\t\t\t\t\t\tid=\"slider-2-slide-5-layer-3\" \n\t\t\t\t\t\t\t\tdata-type=\"text\"\n\t\t\t\t\t\t\t\tdata-xy=\"xo:0,10px,74px,26px;y:m;yo:-155px,-145px,-115px,-75px;\"\n\t\t\t\t\t\t\t\tdata-text=\"w:normal;s:48,68,58,38;l:53,73,73,43;fw:700;a:inherit;\"\n\t\t\t\t\t\t\t\tdata-dim=\"w:641px,722px,616px,298px;h:147px,auto,147px,148px;\"\n\t\t\t\t\t\t\t\tdata-rsp_o=\"off\"\n\t\t\t\t\t\t\t\tdata-rsp_bd=\"off\"\n\t\t\t\t\t\t\t\tdata-frame_0=\"x:50px;\"\n\t\t\t\t\t\t\t\tdata-frame_1=\"e:power3.out;st:500;sp:500;sR:500;\"\n\t\t\t\t\t\t\t\tdata-frame_999=\"o:0;e:power3.out;st:5800;sR:4800;\"\n\t\t\t\t\t\t\t\tstyle=\"z-index:7;font-family:'Roboto';\"\n\t\t\t\t\t\t\t>We Follow <span style=\" color: #0000A0;\">Sectoral<\/span> Developments \n\t\t\t\t\t\t\t<\/rs-layer><!--\n\n\t\t\t\t\t\t\t--><rs-layer\n\t\t\t\t\t\t\t\tid=\"slider-2-slide-5-layer-4\" \n\t\t\t\t\t\t\t\tdata-type=\"text\"\n\t\t\t\t\t\t\t\tdata-xy=\"xo:0,10px,74px,30px;y:m;yo:-27px,-27px,3px,83px;\"\n\t\t\t\t\t\t\t\tdata-text=\"w:normal;s:18,18,18,16;l:28;fw:300;a:inherit;\"\n\t\t\t\t\t\t\t\tdata-dim=\"w:518px,657px,570px,236px;h:59px,58px,59px,auto;\"\n\t\t\t\t\t\t\t\tdata-rsp_o=\"off\"\n\t\t\t\t\t\t\t\tdata-rsp_bd=\"off\"\n\t\t\t\t\t\t\t\tdata-frame_0=\"x:50px;\"\n\t\t\t\t\t\t\t\tdata-frame_1=\"e:power3.out;st:700;sp:500;sR:700;\"\n\t\t\t\t\t\t\t\tdata-frame_999=\"o:0;e:power3.out;st:5800;sR:4600;\"\n\t\t\t\t\t\t\t\tstyle=\"z-index:8;font-family:'Roboto';\"\n\t\t\t\t\t\t\t>We add our experience and knowledge at every stage of the project. \n\t\t\t\t\t\t\t<\/rs-layer><!--\n\n\t\t\t\t\t\t\t--><rs-layer\n\t\t\t\t\t\t\t\tid=\"slider-2-slide-5-layer-5\" \n\t\t\t\t\t\t\t\tdata-type=\"text\"\n\t\t\t\t\t\t\t\tdata-xy=\"xo:0,10px,74px,74px;y:m;yo:70px,60px,90px,90px;\"\n\t\t\t\t\t\t\t\tdata-text=\"w:normal;l:22;a:inherit;\"\n\t\t\t\t\t\t\t\tdata-vbility=\"t,t,t,f\"\n\t\t\t\t\t\t\t\tdata-rsp_o=\"off\"\n\t\t\t\t\t\t\t\tdata-rsp_bd=\"off\"\n\t\t\t\t\t\t\t\tdata-frame_0=\"x:50px;\"\n\t\t\t\t\t\t\t\tdata-frame_1=\"e:power3.out;st:900;sp:500;sR:900;\"\n\t\t\t\t\t\t\t\tdata-frame_999=\"o:0;e:power3.out;st:5800;sR:4400;\"\n\t\t\t\t\t\t\t\tstyle=\"z-index:9;font-family:'Roboto';\"\n\t\t\t\t\t\t\t><a  itemprop=\"url\" href=\"https:\/\/www.altekkalip.com\/en\/about-us\/\" target=\"_self\"  class=\"qbutton  default\" style=\"\">About Us<\/a> \n\t\t\t\t\t\t\t<\/rs-layer><!--\n-->\t\t\t\t\t<\/rs-slide>\n\t\t\t\t\t\t<rs-slide style=\"position: absolute;\" data-key=\"rs-6\" data-title=\"Slide\" data-thumb=\"\/\/www.altekkalip.com\/wp-content\/uploads\/2019\/05\/slide-3-100x50.jpg\" data-anim=\"e:slidingoverlay;\" data-in=\"o:1;x:-100%;\" data-out=\"a:false;\">\n\t\t\t\t\t\t\t<img decoding=\"async\" src=\"\/\/www.altekkalip.com\/wp-content\/plugins\/revslider\/sr6\/assets\/assets\/dummy.png\" alt=\"\" title=\"Home Page\" class=\"rev-slidebg tp-rs-img rs-lazyload\" data-lazyload=\"\/\/www.altekkalip.com\/wp-content\/uploads\/2019\/05\/slide-3.jpg\" data-parallax=\"9\" data-no-retina>\n<!--\n\t\t\t\t\t\t\t--><rs-layer\n\t\t\t\t\t\t\t\tid=\"slider-2-slide-6-layer-1\" \n\t\t\t\t\t\t\t\tdata-type=\"text\"\n\t\t\t\t\t\t\t\tdata-xy=\"xo:15px,25px,89px,43px;y:m;yo:-255px,-245px,-215px,-175px;\"\n\t\t\t\t\t\t\t\tdata-text=\"s:15;l:22;fw:700;a:inherit;\"\n\t\t\t\t\t\t\t\tdata-rsp_o=\"off\"\n\t\t\t\t\t\t\t\tdata-rsp_bd=\"off\"\n\t\t\t\t\t\t\t\tdata-frame_0=\"x:50px;\"\n\t\t\t\t\t\t\t\tdata-frame_1=\"e:power3.out;st:300;sp:500;sR:300;\"\n\t\t\t\t\t\t\t\tdata-frame_999=\"o:0;e:power3.out;st:5800;sR:5000;\"\n\t\t\t\t\t\t\t\tstyle=\"z-index:5;font-family:'Roboto';\"\n\t\t\t\t\t\t\t>ALTEK KALIP \n\t\t\t\t\t\t\t<\/rs-layer><!--\n\n\t\t\t\t\t\t\t--><rs-layer\n\t\t\t\t\t\t\t\tid=\"slider-2-slide-6-layer-2\" \n\t\t\t\t\t\t\t\tdata-type=\"image\"\n\t\t\t\t\t\t\t\tdata-xy=\"xo:1px,11px,75px,29px;y:m;yo:-255px,-245px,-215px,-175px;\"\n\t\t\t\t\t\t\t\tdata-text=\"l:22;a:inherit;\"\n\t\t\t\t\t\t\t\tdata-dim=\"w:[&#039;4px&#039;,&#039;4px&#039;,&#039;4px&#039;,&#039;4px&#039;];h:[&#039;19px&#039;,&#039;19px&#039;,&#039;19px&#039;,&#039;19px&#039;];\"\n\t\t\t\t\t\t\t\tdata-rsp_o=\"off\"\n\t\t\t\t\t\t\t\tdata-rsp_bd=\"off\"\n\t\t\t\t\t\t\t\tdata-frame_0=\"x:50px;\"\n\t\t\t\t\t\t\t\tdata-frame_1=\"e:power3.out;st:300;sp:500;sR:300;\"\n\t\t\t\t\t\t\t\tdata-frame_999=\"o:0;e:power3.out;st:5800;sR:5000;\"\n\t\t\t\t\t\t\t\tstyle=\"z-index:6;\"\n\t\t\t\t\t\t\t><img decoding=\"async\" src=\"\/\/www.altekkalip.com\/wp-content\/plugins\/revslider\/sr6\/assets\/assets\/dummy.png\" alt=\"\" class=\"tp-rs-img rs-lazyload\" width=\"4\" height=\"19\" data-lazyload=\"\/\/www.altekkalip.com\/wp-content\/uploads\/2020\/09\/slider-10.png\" data-no-retina> \n\t\t\t\t\t\t\t<\/rs-layer><!--\n\n\t\t\t\t\t\t\t--><rs-layer\n\t\t\t\t\t\t\t\tid=\"slider-2-slide-6-layer-3\" \n\t\t\t\t\t\t\t\tdata-type=\"text\"\n\t\t\t\t\t\t\t\tdata-xy=\"xo:0,10px,74px,26px;y:m;yo:-155px,-145px,-115px,-75px;\"\n\t\t\t\t\t\t\t\tdata-text=\"w:normal;s:48,68,58,38;l:53,73,73,43;fw:700;a:inherit;\"\n\t\t\t\t\t\t\t\tdata-dim=\"w:722px,722px,616px,298px;h:auto,auto,147px,148px;\"\n\t\t\t\t\t\t\t\tdata-rsp_o=\"off\"\n\t\t\t\t\t\t\t\tdata-rsp_bd=\"off\"\n\t\t\t\t\t\t\t\tdata-frame_0=\"x:50px;\"\n\t\t\t\t\t\t\t\tdata-frame_1=\"e:power3.out;st:500;sp:500;sR:500;\"\n\t\t\t\t\t\t\t\tdata-frame_999=\"o:0;e:power3.out;st:5800;sR:4800;\"\n\t\t\t\t\t\t\t\tstyle=\"z-index:7;font-family:'Roboto';\"\n\t\t\t\t\t\t\t>We Offer Quality and Reliable <span style=\" color: #0000A0;\">Solutions<\/span> \n\t\t\t\t\t\t\t<\/rs-layer><!--\n\n\t\t\t\t\t\t\t--><rs-layer\n\t\t\t\t\t\t\t\tid=\"slider-2-slide-6-layer-4\" \n\t\t\t\t\t\t\t\tdata-type=\"text\"\n\t\t\t\t\t\t\t\tdata-xy=\"xo:0,10px,74px,30px;y:m;yo:-27px,-27px,3px,83px;\"\n\t\t\t\t\t\t\t\tdata-text=\"w:normal;s:18,18,18,16;l:28;fw:300;a:inherit;\"\n\t\t\t\t\t\t\t\tdata-dim=\"w:513px,657px,570px,236px;h:59px,58px,59px,auto;\"\n\t\t\t\t\t\t\t\tdata-rsp_o=\"off\"\n\t\t\t\t\t\t\t\tdata-rsp_bd=\"off\"\n\t\t\t\t\t\t\t\tdata-frame_0=\"x:50px;\"\n\t\t\t\t\t\t\t\tdata-frame_1=\"e:power3.out;st:700;sp:500;sR:700;\"\n\t\t\t\t\t\t\t\tdata-frame_999=\"o:0;e:power3.out;st:5800;sR:4600;\"\n\t\t\t\t\t\t\t\tstyle=\"z-index:8;font-family:'Roboto';\"\n\t\t\t\t\t\t\t>Material selection and production quality in accordance with sectoral standards. \n\t\t\t\t\t\t\t<\/rs-layer><!--\n\n\t\t\t\t\t\t\t--><rs-layer\n\t\t\t\t\t\t\t\tid=\"slider-2-slide-6-layer-5\" \n\t\t\t\t\t\t\t\tdata-type=\"text\"\n\t\t\t\t\t\t\t\tdata-xy=\"xo:0,10px,74px,74px;y:m;yo:70px,60px,90px,90px;\"\n\t\t\t\t\t\t\t\tdata-text=\"w:normal;l:22;a:inherit;\"\n\t\t\t\t\t\t\t\tdata-vbility=\"t,t,t,f\"\n\t\t\t\t\t\t\t\tdata-rsp_o=\"off\"\n\t\t\t\t\t\t\t\tdata-rsp_bd=\"off\"\n\t\t\t\t\t\t\t\tdata-frame_0=\"x:50px;\"\n\t\t\t\t\t\t\t\tdata-frame_1=\"e:power3.out;st:900;sp:500;sR:900;\"\n\t\t\t\t\t\t\t\tdata-frame_999=\"o:0;e:power3.out;st:5800;sR:4400;\"\n\t\t\t\t\t\t\t\tstyle=\"z-index:9;font-family:'Roboto';\"\n\t\t\t\t\t\t\t><a  itemprop=\"url\" href=\"https:\/\/www.altekkalip.com\/en\/about-us\/\" target=\"_self\"  class=\"qbutton  default\" style=\"\">About Us<\/a> \n\t\t\t\t\t\t\t<\/rs-layer><!--\n-->\t\t\t\t\t<\/rs-slide>\n\t\t\t\t\t<\/rs-slides>\n\t\t\t\t<\/rs-module>\n\t\t\t\t<script>\n\t\t\t\t\tsetREVStartSize({c: 'rev_slider_2_1',rl:[1240,1024,778,480],el:[700,600,600,400],gw:[1300,1100,750,376],gh:[700,600,600,400],type:'standard',justify:'',layout:'fullwidth',mh:\"0\"});if (window.RS_MODULES!==undefined && window.RS_MODULES.modules!==undefined && window.RS_MODULES.modules[\"revslider21\"]!==undefined) {window.RS_MODULES.modules[\"revslider21\"].once = false;window.revapi2 = undefined;if (window.RS_MODULES.checkMinimal!==undefined) window.RS_MODULES.checkMinimal()}\n\t\t\t\t<\/script>\n\t\t\t<\/rs-module-wrap>\n\t\t\t<!-- END REVOLUTION SLIDER -->\n[vc_row_inner row_type=&#8221;row&#8221; type=&#8221;grid&#8221; text_align=&#8221;center&#8221; css_animation=&#8221;&#8221; css=&#8221;.vc_custom_1561709553462{margin-top: -50px !important;}&#8221;][vc_column_inner width=&#8221;1\/4&#8243;][vc_empty_space height=&#8221;12px&#8221;][qode_elements_holder number_of_columns=&#8221;one_column&#8221;][qode_elements_holder_item advanced_animations=&#8221;no&#8221;][vc_single_image image=&#8221;15980&#8243; img_size=&#8221;full&#8221; qode_css_animation=&#8221;&#8221;][vc_empty_space height=&#8221;12px&#8221;][vc_column_text]<\/p>\n<h2>Tool Shop<\/h2>\n<p>[\/vc_column_text][vc_empty_space height=&#8221;12px&#8221;][vc_column_text css=&#8221;&#8221;]After the mold design is approved by the customer, mold production begins. The necessary&#8230;[\/vc_column_text][vc_empty_space height=&#8221;12px&#8221;]<a  itemprop=\"url\" href=\"\/en\/tool-shop\/\" target=\"_self\" data-hover-background-color=#ffffff  class=\"qbutton  default\" style=\"background-color: #312782;\">Read More<\/a>[\/qode_elements_holder_item][\/qode_elements_holder][\/vc_column_inner][vc_column_inner width=&#8221;1\/4&#8243;][vc_empty_space height=&#8221;12px&#8221;][qode_elements_holder number_of_columns=&#8221;one_column&#8221;][qode_elements_holder_item advanced_animations=&#8221;no&#8221;][vc_single_image image=&#8221;15924&#8243; img_size=&#8221;full&#8221; qode_css_animation=&#8221;&#8221;][vc_empty_space height=&#8221;12px&#8221;][vc_column_text]<\/p>\n<h2>Foundry<\/h2>\n<p>[\/vc_column_text][vc_empty_space height=&#8221;12px&#8221;][vc_column_text css=&#8221;&#8221;]With high-pressure metal injection presses, our company provides aluminum and zamak&#8230;[\/vc_column_text][vc_empty_space height=&#8221;12px&#8221;]<a  itemprop=\"url\" href=\"\/en\/foundry\/\" target=\"_self\" data-hover-background-color=#ffffff  class=\"qbutton  default\" style=\"background-color: #312782;\">Read More<\/a>[\/qode_elements_holder_item][\/qode_elements_holder][\/vc_column_inner][vc_column_inner width=&#8221;1\/4&#8243;][vc_empty_space height=&#8221;12px&#8221;][qode_elements_holder number_of_columns=&#8221;one_column&#8221;][qode_elements_holder_item advanced_animations=&#8221;no&#8221;][vc_single_image image=&#8221;15979&#8243; img_size=&#8221;full&#8221; qode_css_animation=&#8221;&#8221;][vc_empty_space height=&#8221;12px&#8221;][vc_column_text]<\/p>\n<h2>Processing<\/h2>\n<p>[\/vc_column_text][vc_empty_space height=&#8221;12px&#8221;][vc_column_text css=&#8221;&#8221;]We utilize our machine park, assembled with a focus on high precision, automation, and customer&#8230;[\/vc_column_text][vc_empty_space height=&#8221;12px&#8221;]<a  itemprop=\"url\" href=\"\/en\/processing\/\" target=\"_self\" data-hover-background-color=#ffffff  class=\"qbutton  default\" style=\"background-color: #312782;\">Read More<\/a>[\/qode_elements_holder_item][\/qode_elements_holder][\/vc_column_inner][vc_column_inner width=&#8221;1\/4&#8243;][vc_empty_space height=&#8221;12px&#8221;][qode_elements_holder number_of_columns=&#8221;one_column&#8221;][qode_elements_holder_item advanced_animations=&#8221;no&#8221;][vc_single_image image=&#8221;15973&#8243; img_size=&#8221;full&#8221; qode_css_animation=&#8221;&#8221;][vc_empty_space height=&#8221;12px&#8221;][vc_column_text css=&#8221;&#8221;]<\/p>\n<h2>Auxiliary Processes<\/h2>\n<p>[\/vc_column_text][vc_empty_space height=&#8221;12px&#8221;][vc_column_text css=&#8221;&#8221;]The necessary finishing processes for our products, after casting and trimming, are carried out by our&#8230;[\/vc_column_text][vc_empty_space height=&#8221;12px&#8221;]<a  itemprop=\"url\" href=\"\/en\/auxiliary-processes\/\" target=\"_self\" data-hover-background-color=#ffffff  class=\"qbutton  default\" style=\"background-color: #312782;\">Read More<\/a>[\/qode_elements_holder_item][\/qode_elements_holder][\/vc_column_inner][\/vc_row_inner][\/vc_column][\/vc_row][vc_row css_animation=&#8221;&#8221; row_type=&#8221;row&#8221; use_row_as_full_screen_section=&#8221;no&#8221; type=&#8221;full_width&#8221; angled_section=&#8221;no&#8221; text_align=&#8221;left&#8221; background_image_as_pattern=&#8221;without_pattern&#8221;][vc_column][vc_column_text]<\/p>\n<p>[\/vc_column_text][\/vc_column][\/vc_row][vc_row css_animation=&#8221;&#8221; row_type=&#8221;row&#8221; use_row_as_full_screen_section=&#8221;no&#8221; type=&#8221;grid&#8221; angled_section=&#8221;no&#8221; text_align=&#8221;left&#8221; background_image_as_pattern=&#8221;without_pattern&#8221; padding_top=&#8221;65&#8243; padding_bottom=&#8221;65&#8243; z_index=&#8221;&#8221; css=&#8221;.vc_custom_1542829994784{background-color: #ecebeb !important;}&#8221;][vc_column width=&#8221;2\/3&#8243; offset=&#8221;vc_col-sm-offset-2&#8243;][vc_column_text]<\/p>\n<h1 style=\"text-align: center;\">ALTEK KALIP<\/h1>\n<p>[\/vc_column_text][vc_separator type=&#8221;small&#8221; position=&#8221;center&#8221; color=&#8221;#312782&#8243; thickness=&#8221;4&#8243; width=&#8221;48&#8243; up=&#8221;17&#8243; down=&#8221;25&#8243;][vc_column_text css=&#8221;&#8221;]<\/p>\n<div class=\"wpb_text_column wpb_content_element \">\n<div class=\"wpb_wrapper\">\n<p>Altek Kal\u0131p ve Pres D\u00f6k\u00fcm, with over 50 years of experience since 1973, has been operating in Tuzla \/ Istanbul since 2013 after restructuring. With its expert team, the company provides services to various sectors in metal injection mold manufacturing, high-pressure cold chamber and hot chamber metal injection presses, as well as machining with CNC and universal machines. The company can produce aluminium and zamak (aluminium\/copper\/zinc alloy) cast parts ranging from 5 grams to 7500 grams, offering customers the advantage of lower unit costs through injection mold manufacturing and processing support.<\/p>\n<p>&nbsp;<\/p>\n<p>Our company;<\/p>\n<p>&nbsp;<\/p>\n<p>Is dedicated to providing the best service to its customers by producing parts for the automotive, electrical, electronics, and lighting industries, as well as souvenirs, burner-boiler connection parts, furniture and machinery components, and main body and connection parts for truck group.<\/p>\n<p>&nbsp;<\/p>\n<p>The industries and markets, where our products are primarily used, are as follows;<\/p>\n<ul>\n<li>Automotive<\/li>\n<li>Electrical and Electronics<\/li>\n<li>Hardware and Tools<\/li>\n<li>Furniture<\/li>\n<li>Machinery Parts<\/li>\n<li>Industrial Products<\/li>\n<li>Telecommunications<\/li>\n<li>Window and Door Fittings<\/li>\n<li>Tools and Retail Products<\/li>\n<li>Lighting<\/li>\n<\/ul>\n<\/div>\n<\/div>\n<p>[\/vc_column_text][\/vc_column][\/vc_row][vc_row css_animation=&#8221;&#8221; row_type=&#8221;row&#8221; use_row_as_full_screen_section=&#8221;no&#8221; type=&#8221;grid&#8221; angled_section=&#8221;no&#8221; text_align=&#8221;left&#8221; background_image_as_pattern=&#8221;without_pattern&#8221; padding_top=&#8221;7&#8243; padding_bottom=&#8221;2&#8243; css=&#8221;.vc_custom_1562068908150{background-color: #312782 !important;}&#8221; z_index=&#8221;&#8221;][vc_column]<div class=\"container_inner\"><div class=\"call_to_action normal\" style=\"background-color: #312782;\"><div class=\"two_columns_75_25 clearfix\"><div class=\"text_wrapper column1\"><div class=\"call_to_action_text \" style=\"\">\n<h2><span style=\"color: #ffffff;\">Phone : + 90 216 482 41 46<br \/>\n<\/span><\/h2>\n<h5><span style=\"color: #ffffff;\"><strong>If you fill in the contact form, you will be returned as soon as possible.<\/strong><\/span><\/h5>\n<\/div><\/div><div class=\"button_wrapper column2\"><a itemprop=\"url\" href=\"https:\/\/www.altekkalip.com\/en\/contact\/\" class=\"qbutton white \" target=\"_self\" style=\"color: #1a1a1a;border-color: #ffffff;background-color: #ffffff;\"data-hover-background-color=#1a1a1a data-hover-border-color=#1a1a1a data-hover-color=#ffffff>CONTACT FORM<\/a><\/div><\/div><\/div><\/div>[\/vc_column][\/vc_row]<\/p>\n<\/div>","protected":false},"excerpt":{"rendered":"<p>[vc_row css_animation=&#8221;&#8221; row_type=&#8221;row&#8221; use_row_as_full_screen_section=&#8221;no&#8221; type=&#8221;full_width&#8221; angled_section=&#8221;no&#8221; text_align=&#8221;left&#8221; background_image_as_pattern=&#8221;without_pattern&#8221; padding_bottom=&#8221;32&#8243; el_class=&#8221;gallery_nav_right&#8221;][vc_column][vc_row_inner row_type=&#8221;row&#8221; type=&#8221;grid&#8221; text_align=&#8221;center&#8221; css_animation=&#8221;&#8221; css=&#8221;.vc_custom_1561709553462{margin-top: -50px !important;}&#8221;][vc_column_inner width=&#8221;1\/4&#8243;][vc_empty_space height=&#8221;12px&#8221;][qode_elements_holder number_of_columns=&#8221;one_column&#8221;][qode_elements_holder_item advanced_animations=&#8221;no&#8221;][vc_single_image image=&#8221;15980&#8243; img_size=&#8221;full&#8221; qode_css_animation=&#8221;&#8221;][vc_empty_space height=&#8221;12px&#8221;][vc_column_text] Tool Shop [\/vc_column_text][vc_empty_space height=&#8221;12px&#8221;][vc_column_text css=&#8221;&#8221;]After the mold design is approved by the customer, mold production begins. The necessary&#8230;[\/vc_column_text][vc_empty_space height=&#8221;12px&#8221;][\/qode_elements_holder_item][\/qode_elements_holder][\/vc_column_inner][vc_column_inner width=&#8221;1\/4&#8243;][vc_empty_space&#8230;<\/p>\n","protected":false},"author":1,"featured_media":0,"parent":0,"menu_order":0,"comment_status":"open","ping_status":"closed","template":"full_width.php","meta":{"footnotes":""},"class_list":["post-15857","page","type-page","status-publish","hentry"],"aioseo_notices":[],"post_mailing_queue_ids":[],"_links":{"self":[{"href":"https:\/\/www.altekkalip.com\/en\/wp-json\/wp\/v2\/pages\/15857","targetHints":{"allow":["GET"]}}],"collection":[{"href":"https:\/\/www.altekkalip.com\/en\/wp-json\/wp\/v2\/pages"}],"about":[{"href":"https:\/\/www.altekkalip.com\/en\/wp-json\/wp\/v2\/types\/page"}],"author":[{"embeddable":true,"href":"https:\/\/www.altekkalip.com\/en\/wp-json\/wp\/v2\/users\/1"}],"replies":[{"embeddable":true,"href":"https:\/\/www.altekkalip.com\/en\/wp-json\/wp\/v2\/comments?post=15857"}],"version-history":[{"count":13,"href":"https:\/\/www.altekkalip.com\/en\/wp-json\/wp\/v2\/pages\/15857\/revisions"}],"predecessor-version":[{"id":16850,"href":"https:\/\/www.altekkalip.com\/en\/wp-json\/wp\/v2\/pages\/15857\/revisions\/16850"}],"wp:attachment":[{"href":"https:\/\/www.altekkalip.com\/en\/wp-json\/wp\/v2\/media?parent=15857"}],"curies":[{"name":"wp","href":"https:\/\/api.w.org\/{rel}","templated":true}]}}