{"id":16792,"date":"2025-11-07T13:47:06","date_gmt":"2025-11-07T10:47:06","guid":{"rendered":"https:\/\/www.altekkalip.com\/unterstuetzende-prozesse\/"},"modified":"2025-11-10T15:20:13","modified_gmt":"2025-11-10T12:20:13","slug":"unterstuetzende-prozesse","status":"publish","type":"page","link":"https:\/\/www.altekkalip.com\/de\/unterstuetzende-prozesse\/","title":{"rendered":"Unterst\u00fctzende Prozesse"},"content":{"rendered":"<div class=\"wpb-content-wrapper\"><p>[vc_row css_animation=&#8220;&#8220; row_type=&#8220;row&#8220; use_row_as_full_screen_section=&#8220;no&#8220; type=&#8220;grid&#8220; angled_section=&#8220;no&#8220; text_align=&#8220;left&#8220; background_image_as_pattern=&#8220;without_pattern&#8220; padding_top=&#8220;30&#8243; z_index=&#8220;&#8220;][vc_column][vc_column_text css=&#8220;&#8220;]<\/p>\n<h1>Unterst\u00fctzende Prozesse<\/h1>\n<p>[\/vc_column_text][vc_separator type=&#8220;small&#8220; position=&#8220;left&#8220; up=&#8220;20&#8243; down=&#8220;30&#8243; thickness=&#8220;4&#8243; width=&#8220;48&#8243; color=&#8220;#312782&#8243;][vc_column_text css=&#8220;&#8220;]<\/p>\n<ul>\n<li>ENTGRATEN<\/li>\n<li>STRAHLEN<\/li>\n<li>GLEITSCHLEIFEN \/ VIBRATIONSENTGRATEN<\/li>\n<li>VAKUUMPROZESS \/ VAKUUMIMPR\u00c4GNIERUNG<\/li>\n<li>DICHTHEITSPR\u00dcFUNG<\/li>\n<li>OPTISCHE KAMERAPR\u00dcFUNG<\/li>\n<\/ul>\n<p>Die Entgratung der nach dem Gie\u00df- und Trimmprozess gefertigten Produkte wird von unserem erfahrenen Fachpersonal sowie unserem Maschinenpark, der unterschiedliche Oberfl\u00e4chenqualit\u00e4ten erm\u00f6glicht, sorgf\u00e4ltig durchgef\u00fchrt.<\/p>\n<p>In unserem Maschinenpark befinden sich CMM-Messsysteme, Vakuumprozessanlagen, Strahlmaschinen, Schleif- und Gleitschleifanlagen mit Trocknung, Trimmpressen, Hydraulikpressen, Bohr- und Gewindeschneidmaschinen, Druckpr\u00fcfger\u00e4te sowie hochaufl\u00f6sende optische Kamera-Inspektionssysteme.[\/vc_column_text][vc_separator type=&#8220;transparent&#8220; up=&#8220;20&#8243; down=&#8220;20&#8243;][vc_column_text]<\/p>\n<h2 style=\"text-align: left;\">Oberfl\u00e4chenbearbeitung und Gleitschleifen<\/h2>\n<p>[\/vc_column_text][vc_separator type=&#8220;small&#8220; position=&#8220;left&#8220; up=&#8220;20&#8243; down=&#8220;30&#8243; color=&#8220;#312782&#8243; thickness=&#8220;4&#8243; width=&#8220;48&#8243;]<div class=\"qode-advanced-image-gallery  qode-aig-grid-type qode-tiny-space   \">\n\t<div class=\"qode-aig-inner qode-outer-space qode-aig-grid qode-aig-two-columns\">\n\t\t\t\t\t<div class=\"qode-aig-image qode-item-space\">\n\t\t\t\t<div class=\"qode-aig-image-inner\">\n\t\t\t\t\t\t\t\t\t\t\t<img loading=\"lazy\" decoding=\"async\" width=\"1024\" height=\"576\" src=\"https:\/\/www.altekkalip.com\/wp-content\/uploads\/2024\/09\/1-1.jpg\" class=\"attachment-full size-full\" alt=\"\" srcset=\"https:\/\/www.altekkalip.com\/wp-content\/uploads\/2024\/09\/1-1.jpg 1024w, https:\/\/www.altekkalip.com\/wp-content\/uploads\/2024\/09\/1-1-300x169.jpg 300w, https:\/\/www.altekkalip.com\/wp-content\/uploads\/2024\/09\/1-1-768x432.jpg 768w, https:\/\/www.altekkalip.com\/wp-content\/uploads\/2024\/09\/1-1-700x394.jpg 700w, https:\/\/www.altekkalip.com\/wp-content\/uploads\/2024\/09\/1-1-539x303.jpg 539w\" sizes=\"auto, (max-width: 1024px) 100vw, 1024px\" \/>\t\t\t\t\t\t<span class=\"aig-gallery-hover\">\n\t\t\t\t\t\t\t\t\t\t\t\t\t<\/span>\n\t\t\t\t\t\t\t\t\t<\/div>\n\t\t\t<\/div>\n\t\t\t\t\t<div class=\"qode-aig-image qode-item-space\">\n\t\t\t\t<div class=\"qode-aig-image-inner\">\n\t\t\t\t\t\t\t\t\t\t\t<img loading=\"lazy\" decoding=\"async\" width=\"1024\" height=\"576\" src=\"https:\/\/www.altekkalip.com\/wp-content\/uploads\/2024\/09\/2-4.jpg\" class=\"attachment-full size-full\" alt=\"\" srcset=\"https:\/\/www.altekkalip.com\/wp-content\/uploads\/2024\/09\/2-4.jpg 1024w, https:\/\/www.altekkalip.com\/wp-content\/uploads\/2024\/09\/2-4-300x169.jpg 300w, https:\/\/www.altekkalip.com\/wp-content\/uploads\/2024\/09\/2-4-768x432.jpg 768w, https:\/\/www.altekkalip.com\/wp-content\/uploads\/2024\/09\/2-4-700x394.jpg 700w, https:\/\/www.altekkalip.com\/wp-content\/uploads\/2024\/09\/2-4-539x303.jpg 539w\" sizes=\"auto, (max-width: 1024px) 100vw, 1024px\" \/>\t\t\t\t\t\t<span class=\"aig-gallery-hover\">\n\t\t\t\t\t\t\t\t\t\t\t\t\t<\/span>\n\t\t\t\t\t\t\t\t\t<\/div>\n\t\t\t<\/div>\n\t\t\t\t\t<div class=\"qode-aig-image qode-item-space\">\n\t\t\t\t<div class=\"qode-aig-image-inner\">\n\t\t\t\t\t\t\t\t\t\t\t<img loading=\"lazy\" decoding=\"async\" width=\"1024\" height=\"576\" src=\"https:\/\/www.altekkalip.com\/wp-content\/uploads\/2024\/09\/3-1.jpg\" class=\"attachment-full size-full\" alt=\"\" srcset=\"https:\/\/www.altekkalip.com\/wp-content\/uploads\/2024\/09\/3-1.jpg 1024w, https:\/\/www.altekkalip.com\/wp-content\/uploads\/2024\/09\/3-1-300x169.jpg 300w, https:\/\/www.altekkalip.com\/wp-content\/uploads\/2024\/09\/3-1-768x432.jpg 768w, https:\/\/www.altekkalip.com\/wp-content\/uploads\/2024\/09\/3-1-700x394.jpg 700w, https:\/\/www.altekkalip.com\/wp-content\/uploads\/2024\/09\/3-1-539x303.jpg 539w\" sizes=\"auto, (max-width: 1024px) 100vw, 1024px\" \/>\t\t\t\t\t\t<span class=\"aig-gallery-hover\">\n\t\t\t\t\t\t\t\t\t\t\t\t\t<\/span>\n\t\t\t\t\t\t\t\t\t<\/div>\n\t\t\t<\/div>\n\t\t\t\t\t<div class=\"qode-aig-image qode-item-space\">\n\t\t\t\t<div class=\"qode-aig-image-inner\">\n\t\t\t\t\t\t\t\t\t\t\t<img loading=\"lazy\" decoding=\"async\" width=\"1024\" height=\"576\" src=\"https:\/\/www.altekkalip.com\/wp-content\/uploads\/2024\/09\/4-1.jpg\" class=\"attachment-full size-full\" alt=\"\" srcset=\"https:\/\/www.altekkalip.com\/wp-content\/uploads\/2024\/09\/4-1.jpg 1024w, https:\/\/www.altekkalip.com\/wp-content\/uploads\/2024\/09\/4-1-300x169.jpg 300w, https:\/\/www.altekkalip.com\/wp-content\/uploads\/2024\/09\/4-1-768x432.jpg 768w, https:\/\/www.altekkalip.com\/wp-content\/uploads\/2024\/09\/4-1-700x394.jpg 700w, https:\/\/www.altekkalip.com\/wp-content\/uploads\/2024\/09\/4-1-539x303.jpg 539w\" sizes=\"auto, (max-width: 1024px) 100vw, 1024px\" \/>\t\t\t\t\t\t<span class=\"aig-gallery-hover\">\n\t\t\t\t\t\t\t\t\t\t\t\t\t<\/span>\n\t\t\t\t\t\t\t\t\t<\/div>\n\t\t\t<\/div>\n\t\t\t\t\t<div class=\"qode-aig-image qode-item-space\">\n\t\t\t\t<div class=\"qode-aig-image-inner\">\n\t\t\t\t\t\t\t\t\t\t\t<img loading=\"lazy\" decoding=\"async\" width=\"1024\" height=\"576\" src=\"https:\/\/www.altekkalip.com\/wp-content\/uploads\/2024\/09\/5-1.jpg\" class=\"attachment-full size-full\" alt=\"\" srcset=\"https:\/\/www.altekkalip.com\/wp-content\/uploads\/2024\/09\/5-1.jpg 1024w, https:\/\/www.altekkalip.com\/wp-content\/uploads\/2024\/09\/5-1-300x169.jpg 300w, https:\/\/www.altekkalip.com\/wp-content\/uploads\/2024\/09\/5-1-768x432.jpg 768w, https:\/\/www.altekkalip.com\/wp-content\/uploads\/2024\/09\/5-1-700x394.jpg 700w, https:\/\/www.altekkalip.com\/wp-content\/uploads\/2024\/09\/5-1-539x303.jpg 539w\" sizes=\"auto, (max-width: 1024px) 100vw, 1024px\" \/>\t\t\t\t\t\t<span class=\"aig-gallery-hover\">\n\t\t\t\t\t\t\t\t\t\t\t\t\t<\/span>\n\t\t\t\t\t\t\t\t\t<\/div>\n\t\t\t<\/div>\n\t\t\t\t\t<div class=\"qode-aig-image qode-item-space\">\n\t\t\t\t<div class=\"qode-aig-image-inner\">\n\t\t\t\t\t\t\t\t\t\t\t<img loading=\"lazy\" decoding=\"async\" width=\"1024\" height=\"576\" src=\"https:\/\/www.altekkalip.com\/wp-content\/uploads\/2024\/09\/6.jpg\" class=\"attachment-full size-full\" alt=\"\" srcset=\"https:\/\/www.altekkalip.com\/wp-content\/uploads\/2024\/09\/6.jpg 1024w, https:\/\/www.altekkalip.com\/wp-content\/uploads\/2024\/09\/6-300x169.jpg 300w, https:\/\/www.altekkalip.com\/wp-content\/uploads\/2024\/09\/6-768x432.jpg 768w, https:\/\/www.altekkalip.com\/wp-content\/uploads\/2024\/09\/6-700x394.jpg 700w, https:\/\/www.altekkalip.com\/wp-content\/uploads\/2024\/09\/6-539x303.jpg 539w\" sizes=\"auto, (max-width: 1024px) 100vw, 1024px\" \/>\t\t\t\t\t\t<span class=\"aig-gallery-hover\">\n\t\t\t\t\t\t\t\t\t\t\t\t\t<\/span>\n\t\t\t\t\t\t\t\t\t<\/div>\n\t\t\t<\/div>\n\t\t\t\t\t<div class=\"qode-aig-image qode-item-space\">\n\t\t\t\t<div class=\"qode-aig-image-inner\">\n\t\t\t\t\t\t\t\t\t\t\t<img loading=\"lazy\" decoding=\"async\" width=\"1024\" height=\"576\" src=\"https:\/\/www.altekkalip.com\/wp-content\/uploads\/2024\/09\/8.jpg\" class=\"attachment-full size-full\" alt=\"\" srcset=\"https:\/\/www.altekkalip.com\/wp-content\/uploads\/2024\/09\/8.jpg 1024w, https:\/\/www.altekkalip.com\/wp-content\/uploads\/2024\/09\/8-300x169.jpg 300w, https:\/\/www.altekkalip.com\/wp-content\/uploads\/2024\/09\/8-768x432.jpg 768w, https:\/\/www.altekkalip.com\/wp-content\/uploads\/2024\/09\/8-700x394.jpg 700w, https:\/\/www.altekkalip.com\/wp-content\/uploads\/2024\/09\/8-539x303.jpg 539w\" sizes=\"auto, (max-width: 1024px) 100vw, 1024px\" \/>\t\t\t\t\t\t<span class=\"aig-gallery-hover\">\n\t\t\t\t\t\t\t\t\t\t\t\t\t<\/span>\n\t\t\t\t\t\t\t\t\t<\/div>\n\t\t\t<\/div>\n\t\t\t<\/div>\n<\/div>[vc_separator type=&#8220;transparent&#8220; up=&#8220;20&#8243; down=&#8220;20&#8243;][\/vc_column][\/vc_row][vc_row css_animation=&#8220;&#8220; row_type=&#8220;row&#8220; use_row_as_full_screen_section=&#8220;no&#8220; type=&#8220;full_width&#8220; angled_section=&#8220;no&#8220; text_align=&#8220;left&#8220; background_image_as_pattern=&#8220;without_pattern&#8220; padding_top=&#8220;7&#8243; padding_bottom=&#8220;2&#8243; css=&#8220;.vc_custom_1562069862128{background-color: #312782 !important;}&#8220; z_index=&#8220;&#8220;][vc_column]<div class=\"container_inner\"><div class=\"call_to_action normal\" style=\"background-color: #312782;\"><div class=\"two_columns_75_25 clearfix\"><div class=\"text_wrapper column1\"><div class=\"call_to_action_text \" style=\"\">\n<h2><span style=\"color: #ffffff;\">Kontakt : + 90 216 482 41 46<\/span><\/h2>\n<p>&nbsp;<\/p>\n<h5><span style=\"color: #ffffff;\"><strong>Wenn Sie das Kontaktformular ausf\u00fcllen, werden wir Ihnen so schnell wie m\u00f6glich zur\u00fcckmelden.<\/strong><\/span><\/h5>\n<\/div><\/div><div class=\"button_wrapper column2\"><a itemprop=\"url\" href=\"https:\/\/www.altekkalip.com\/de\/kontakt\/\" class=\"qbutton white \" target=\"_self\" style=\"color: #1a1a1a;border-color: #ffffff;background-color: #ffffff;\"data-hover-background-color=#1a1a1a data-hover-border-color=#1a1a1a data-hover-color=#ffffff>KONTAKTFORMULAR<\/a><\/div><\/div><\/div><\/div>[\/vc_column][\/vc_row]<\/p>\n<\/div>","protected":false},"excerpt":{"rendered":"<p>[vc_row css_animation=&#8220;&#8220; row_type=&#8220;row&#8220; use_row_as_full_screen_section=&#8220;no&#8220; type=&#8220;grid&#8220; angled_section=&#8220;no&#8220; text_align=&#8220;left&#8220; background_image_as_pattern=&#8220;without_pattern&#8220; padding_top=&#8220;30&#8243; z_index=&#8220;&#8220;][vc_column][vc_column_text css=&#8220;&#8220;] Unterst\u00fctzende Prozesse [\/vc_column_text][vc_separator type=&#8220;small&#8220; position=&#8220;left&#8220; up=&#8220;20&#8243; down=&#8220;30&#8243; thickness=&#8220;4&#8243; width=&#8220;48&#8243; color=&#8220;#312782&#8243;][vc_column_text css=&#8220;&#8220;] ENTGRATEN STRAHLEN GLEITSCHLEIFEN \/ VIBRATIONSENTGRATEN VAKUUMPROZESS \/ VAKUUMIMPR\u00c4GNIERUNG DICHTHEITSPR\u00dcFUNG OPTISCHE KAMERAPR\u00dcFUNG Die Entgratung der nach dem Gie\u00df- und Trimmprozess gefertigten Produkte wird von&#8230;<\/p>\n","protected":false},"author":1,"featured_media":0,"parent":0,"menu_order":0,"comment_status":"open","ping_status":"closed","template":"full_width.php","meta":{"footnotes":""},"class_list":["post-16792","page","type-page","status-publish","hentry"],"aioseo_notices":[],"post_mailing_queue_ids":[],"_links":{"self":[{"href":"https:\/\/www.altekkalip.com\/de\/wp-json\/wp\/v2\/pages\/16792","targetHints":{"allow":["GET"]}}],"collection":[{"href":"https:\/\/www.altekkalip.com\/de\/wp-json\/wp\/v2\/pages"}],"about":[{"href":"https:\/\/www.altekkalip.com\/de\/wp-json\/wp\/v2\/types\/page"}],"author":[{"embeddable":true,"href":"https:\/\/www.altekkalip.com\/de\/wp-json\/wp\/v2\/users\/1"}],"replies":[{"embeddable":true,"href":"https:\/\/www.altekkalip.com\/de\/wp-json\/wp\/v2\/comments?post=16792"}],"version-history":[{"count":3,"href":"https:\/\/www.altekkalip.com\/de\/wp-json\/wp\/v2\/pages\/16792\/revisions"}],"predecessor-version":[{"id":16866,"href":"https:\/\/www.altekkalip.com\/de\/wp-json\/wp\/v2\/pages\/16792\/revisions\/16866"}],"wp:attachment":[{"href":"https:\/\/www.altekkalip.com\/de\/wp-json\/wp\/v2\/media?parent=16792"}],"curies":[{"name":"wp","href":"https:\/\/api.w.org\/{rel}","templated":true}]}}