{"id":16623,"date":"2025-11-07T13:38:52","date_gmt":"2025-11-07T10:38:52","guid":{"rendered":"https:\/\/www.altekkalip.com\/formenbau\/"},"modified":"2025-11-10T15:17:59","modified_gmt":"2025-11-10T12:17:59","slug":"formenbau","status":"publish","type":"page","link":"https:\/\/www.altekkalip.com\/de\/formenbau\/","title":{"rendered":"Formenbau"},"content":{"rendered":"<div class=\"wpb-content-wrapper\"><p>[vc_row css_animation=&#8220;&#8220; row_type=&#8220;row&#8220; use_row_as_full_screen_section=&#8220;no&#8220; type=&#8220;grid&#8220; angled_section=&#8220;no&#8220; text_align=&#8220;left&#8220; background_image_as_pattern=&#8220;without_pattern&#8220; padding_top=&#8220;30&#8243; z_index=&#8220;&#8220;][vc_column][vc_column_text]<\/p>\n<h1 style=\"text-align: left;\">FORMENBAU<\/h1>\n<p>[\/vc_column_text][vc_separator type=&#8220;small&#8220; position=&#8220;left&#8220; up=&#8220;20&#8243; down=&#8220;30&#8243; thickness=&#8220;4&#8243; width=&#8220;48&#8243; color=&#8220;#312782&#8243;][vc_column_text css=&#8220;&#8220;]Nach der Freigabe des vom Kunden best\u00e4tigten Formdesigns beginnt die Herstellung der Form. Die erforderlichen Wartungen und regelm\u00e4\u00dfigen Kontrollen der hergestellten Formen werden kontinuierlich durchgef\u00fchrt und gem\u00e4\u00df unserem Qualit\u00e4tssystem dokumentiert.<\/p>\n<p>Nach dem ersten Probespritzguss der konstruierten Formen werden die Musterteile dem Kunden zur Verf\u00fcgung gestellt. Nach den von uns durchgef\u00fchrten Ma\u00dfkontrollen sowie den finalen Pr\u00fcfberichten des Kunden wird die Form f\u00fcr die Serienproduktion freigegeben.[\/vc_column_text][vc_separator type=&#8220;transparent&#8220; up=&#8220;20&#8243; down=&#8220;20&#8243;][vc_column_text]<\/p>\n<h2 style=\"text-align: left;\">Formkonstruktion<\/h2>\n<p>[\/vc_column_text][vc_separator type=&#8220;small&#8220; position=&#8220;left&#8220; up=&#8220;20&#8243; down=&#8220;30&#8243; color=&#8220;#0000a0&#8243; thickness=&#8220;4&#8243; width=&#8220;48&#8243;]<div class=\"qode-advanced-image-gallery  qode-aig-grid-type qode-tiny-space   \">\n\t<div class=\"qode-aig-inner qode-outer-space qode-aig-grid qode-aig-two-columns\">\n\t\t\t\t\t<div class=\"qode-aig-image qode-item-space\">\n\t\t\t\t<div class=\"qode-aig-image-inner\">\n\t\t\t\t\t\t\t\t\t\t\t<img loading=\"lazy\" decoding=\"async\" width=\"950\" height=\"400\" src=\"https:\/\/www.altekkalip.com\/wp-content\/uploads\/2024\/09\/1-1.png\" class=\"attachment-full size-full\" alt=\"\" srcset=\"https:\/\/www.altekkalip.com\/wp-content\/uploads\/2024\/09\/1-1.png 950w, https:\/\/www.altekkalip.com\/wp-content\/uploads\/2024\/09\/1-1-300x126.png 300w, https:\/\/www.altekkalip.com\/wp-content\/uploads\/2024\/09\/1-1-768x323.png 768w, https:\/\/www.altekkalip.com\/wp-content\/uploads\/2024\/09\/1-1-700x295.png 700w\" sizes=\"auto, (max-width: 950px) 100vw, 950px\" \/>\t\t\t\t\t\t<span class=\"aig-gallery-hover\">\n\t\t\t\t\t\t\t\t\t\t\t\t\t<\/span>\n\t\t\t\t\t\t\t\t\t<\/div>\n\t\t\t<\/div>\n\t\t\t\t\t<div class=\"qode-aig-image qode-item-space\">\n\t\t\t\t<div class=\"qode-aig-image-inner\">\n\t\t\t\t\t\t\t\t\t\t\t<img loading=\"lazy\" decoding=\"async\" width=\"950\" height=\"400\" src=\"https:\/\/www.altekkalip.com\/wp-content\/uploads\/2024\/09\/3-1.png\" class=\"attachment-full size-full\" alt=\"\" srcset=\"https:\/\/www.altekkalip.com\/wp-content\/uploads\/2024\/09\/3-1.png 950w, https:\/\/www.altekkalip.com\/wp-content\/uploads\/2024\/09\/3-1-300x126.png 300w, https:\/\/www.altekkalip.com\/wp-content\/uploads\/2024\/09\/3-1-768x323.png 768w, https:\/\/www.altekkalip.com\/wp-content\/uploads\/2024\/09\/3-1-700x295.png 700w\" sizes=\"auto, (max-width: 950px) 100vw, 950px\" \/>\t\t\t\t\t\t<span class=\"aig-gallery-hover\">\n\t\t\t\t\t\t\t\t\t\t\t\t\t<\/span>\n\t\t\t\t\t\t\t\t\t<\/div>\n\t\t\t<\/div>\n\t\t\t<\/div>\n<\/div>[vc_single_image image=&#8220;16549&#8243; img_size=&#8220;large&#8220; alignment=&#8220;center&#8220; css=&#8220;.vc_custom_1561985243587{padding-bottom: 10px !important;}&#8220; qode_css_animation=&#8220;&#8220;]<div class=\"qode-advanced-image-gallery  qode-aig-grid-type qode-tiny-space   \">\n\t<div class=\"qode-aig-inner qode-outer-space qode-aig-grid qode-aig-two-columns\">\n\t\t\t\t\t<div class=\"qode-aig-image qode-item-space\">\n\t\t\t\t<div class=\"qode-aig-image-inner\">\n\t\t\t\t\t\t\t\t\t\t\t<img loading=\"lazy\" decoding=\"async\" width=\"950\" height=\"480\" src=\"https:\/\/www.altekkalip.com\/wp-content\/uploads\/2024\/09\/2-1.png\" class=\"attachment-full size-full\" alt=\"\" srcset=\"https:\/\/www.altekkalip.com\/wp-content\/uploads\/2024\/09\/2-1.png 950w, https:\/\/www.altekkalip.com\/wp-content\/uploads\/2024\/09\/2-1-300x152.png 300w, https:\/\/www.altekkalip.com\/wp-content\/uploads\/2024\/09\/2-1-768x388.png 768w, https:\/\/www.altekkalip.com\/wp-content\/uploads\/2024\/09\/2-1-700x354.png 700w\" sizes=\"auto, (max-width: 950px) 100vw, 950px\" \/>\t\t\t\t\t\t<span class=\"aig-gallery-hover\">\n\t\t\t\t\t\t\t\t\t\t\t\t\t<\/span>\n\t\t\t\t\t\t\t\t\t<\/div>\n\t\t\t<\/div>\n\t\t\t\t\t<div class=\"qode-aig-image qode-item-space\">\n\t\t\t\t<div class=\"qode-aig-image-inner\">\n\t\t\t\t\t\t\t\t\t\t\t<img loading=\"lazy\" decoding=\"async\" width=\"950\" height=\"480\" src=\"https:\/\/www.altekkalip.com\/wp-content\/uploads\/2024\/09\/4-1.png\" class=\"attachment-full size-full\" alt=\"\" srcset=\"https:\/\/www.altekkalip.com\/wp-content\/uploads\/2024\/09\/4-1.png 950w, https:\/\/www.altekkalip.com\/wp-content\/uploads\/2024\/09\/4-1-300x152.png 300w, https:\/\/www.altekkalip.com\/wp-content\/uploads\/2024\/09\/4-1-768x388.png 768w, https:\/\/www.altekkalip.com\/wp-content\/uploads\/2024\/09\/4-1-700x354.png 700w\" sizes=\"auto, (max-width: 950px) 100vw, 950px\" \/>\t\t\t\t\t\t<span class=\"aig-gallery-hover\">\n\t\t\t\t\t\t\t\t\t\t\t\t\t<\/span>\n\t\t\t\t\t\t\t\t\t<\/div>\n\t\t\t<\/div>\n\t\t\t<\/div>\n<\/div>[vc_separator type=&#8220;transparent&#8220; up=&#8220;20&#8243; down=&#8220;20&#8243;][vc_column_text]<\/p>\n<h2 style=\"text-align: left;\">Formherstellung<\/h2>\n<p>[\/vc_column_text][vc_separator type=&#8220;small&#8220; position=&#8220;left&#8220; up=&#8220;20&#8243; down=&#8220;30&#8243; color=&#8220;#312782&#8243; thickness=&#8220;4&#8243; width=&#8220;48&#8243;]<div class=\"qode-advanced-image-gallery  qode-aig-grid-type qode-tiny-space   \">\n\t<div class=\"qode-aig-inner qode-outer-space qode-aig-grid qode-aig-two-columns\">\n\t\t\t\t\t<div class=\"qode-aig-image qode-item-space\">\n\t\t\t\t<div class=\"qode-aig-image-inner\">\n\t\t\t\t\t\t\t\t\t\t\t<img loading=\"lazy\" decoding=\"async\" width=\"1024\" height=\"768\" src=\"https:\/\/www.altekkalip.com\/wp-content\/uploads\/2024\/09\/2-1-1.jpg\" class=\"attachment-full size-full\" alt=\"\" srcset=\"https:\/\/www.altekkalip.com\/wp-content\/uploads\/2024\/09\/2-1-1.jpg 1024w, https:\/\/www.altekkalip.com\/wp-content\/uploads\/2024\/09\/2-1-1-300x225.jpg 300w, https:\/\/www.altekkalip.com\/wp-content\/uploads\/2024\/09\/2-1-1-768x576.jpg 768w, https:\/\/www.altekkalip.com\/wp-content\/uploads\/2024\/09\/2-1-1-800x600.jpg 800w, https:\/\/www.altekkalip.com\/wp-content\/uploads\/2024\/09\/2-1-1-700x525.jpg 700w\" sizes=\"auto, (max-width: 1024px) 100vw, 1024px\" \/>\t\t\t\t\t\t<span class=\"aig-gallery-hover\">\n\t\t\t\t\t\t\t\t\t\t\t\t\t<\/span>\n\t\t\t\t\t\t\t\t\t<\/div>\n\t\t\t<\/div>\n\t\t\t\t\t<div class=\"qode-aig-image qode-item-space\">\n\t\t\t\t<div class=\"qode-aig-image-inner\">\n\t\t\t\t\t\t\t\t\t\t\t<img loading=\"lazy\" decoding=\"async\" width=\"1024\" height=\"768\" src=\"https:\/\/www.altekkalip.com\/wp-content\/uploads\/2024\/09\/2-2-1.jpg\" class=\"attachment-full size-full\" alt=\"\" srcset=\"https:\/\/www.altekkalip.com\/wp-content\/uploads\/2024\/09\/2-2-1.jpg 1024w, https:\/\/www.altekkalip.com\/wp-content\/uploads\/2024\/09\/2-2-1-300x225.jpg 300w, https:\/\/www.altekkalip.com\/wp-content\/uploads\/2024\/09\/2-2-1-768x576.jpg 768w, https:\/\/www.altekkalip.com\/wp-content\/uploads\/2024\/09\/2-2-1-800x600.jpg 800w, https:\/\/www.altekkalip.com\/wp-content\/uploads\/2024\/09\/2-2-1-700x525.jpg 700w\" sizes=\"auto, (max-width: 1024px) 100vw, 1024px\" \/>\t\t\t\t\t\t<span class=\"aig-gallery-hover\">\n\t\t\t\t\t\t\t\t\t\t\t\t\t<\/span>\n\t\t\t\t\t\t\t\t\t<\/div>\n\t\t\t<\/div>\n\t\t\t\t\t<div class=\"qode-aig-image qode-item-space\">\n\t\t\t\t<div class=\"qode-aig-image-inner\">\n\t\t\t\t\t\t\t\t\t\t\t<img loading=\"lazy\" decoding=\"async\" width=\"1024\" height=\"768\" src=\"https:\/\/www.altekkalip.com\/wp-content\/uploads\/2024\/09\/2-3-1.jpg\" class=\"attachment-full size-full\" alt=\"\" srcset=\"https:\/\/www.altekkalip.com\/wp-content\/uploads\/2024\/09\/2-3-1.jpg 1024w, https:\/\/www.altekkalip.com\/wp-content\/uploads\/2024\/09\/2-3-1-300x225.jpg 300w, https:\/\/www.altekkalip.com\/wp-content\/uploads\/2024\/09\/2-3-1-768x576.jpg 768w, https:\/\/www.altekkalip.com\/wp-content\/uploads\/2024\/09\/2-3-1-800x600.jpg 800w, https:\/\/www.altekkalip.com\/wp-content\/uploads\/2024\/09\/2-3-1-700x525.jpg 700w\" sizes=\"auto, (max-width: 1024px) 100vw, 1024px\" \/>\t\t\t\t\t\t<span class=\"aig-gallery-hover\">\n\t\t\t\t\t\t\t\t\t\t\t\t\t<\/span>\n\t\t\t\t\t\t\t\t\t<\/div>\n\t\t\t<\/div>\n\t\t\t\t\t<div class=\"qode-aig-image qode-item-space\">\n\t\t\t\t<div class=\"qode-aig-image-inner\">\n\t\t\t\t\t\t\t\t\t\t\t<img loading=\"lazy\" decoding=\"async\" width=\"1024\" height=\"768\" src=\"https:\/\/www.altekkalip.com\/wp-content\/uploads\/2024\/09\/20240910_1201380-1.jpg\" class=\"attachment-full size-full\" alt=\"\" srcset=\"https:\/\/www.altekkalip.com\/wp-content\/uploads\/2024\/09\/20240910_1201380-1.jpg 1024w, https:\/\/www.altekkalip.com\/wp-content\/uploads\/2024\/09\/20240910_1201380-1-300x225.jpg 300w, https:\/\/www.altekkalip.com\/wp-content\/uploads\/2024\/09\/20240910_1201380-1-768x576.jpg 768w, https:\/\/www.altekkalip.com\/wp-content\/uploads\/2024\/09\/20240910_1201380-1-800x600.jpg 800w, https:\/\/www.altekkalip.com\/wp-content\/uploads\/2024\/09\/20240910_1201380-1-700x525.jpg 700w\" sizes=\"auto, (max-width: 1024px) 100vw, 1024px\" \/>\t\t\t\t\t\t<span class=\"aig-gallery-hover\">\n\t\t\t\t\t\t\t\t\t\t\t\t\t<\/span>\n\t\t\t\t\t\t\t\t\t<\/div>\n\t\t\t<\/div>\n\t\t\t\t\t<div class=\"qode-aig-image qode-item-space\">\n\t\t\t\t<div class=\"qode-aig-image-inner\">\n\t\t\t\t\t\t\t\t\t\t\t<img loading=\"lazy\" decoding=\"async\" width=\"1024\" height=\"768\" src=\"https:\/\/www.altekkalip.com\/wp-content\/uploads\/2024\/09\/20240910_11591011-1.jpg\" class=\"attachment-full size-full\" alt=\"\" srcset=\"https:\/\/www.altekkalip.com\/wp-content\/uploads\/2024\/09\/20240910_11591011-1.jpg 1024w, https:\/\/www.altekkalip.com\/wp-content\/uploads\/2024\/09\/20240910_11591011-1-300x225.jpg 300w, https:\/\/www.altekkalip.com\/wp-content\/uploads\/2024\/09\/20240910_11591011-1-768x576.jpg 768w, https:\/\/www.altekkalip.com\/wp-content\/uploads\/2024\/09\/20240910_11591011-1-800x600.jpg 800w, https:\/\/www.altekkalip.com\/wp-content\/uploads\/2024\/09\/20240910_11591011-1-700x525.jpg 700w\" sizes=\"auto, (max-width: 1024px) 100vw, 1024px\" \/>\t\t\t\t\t\t<span class=\"aig-gallery-hover\">\n\t\t\t\t\t\t\t\t\t\t\t\t\t<\/span>\n\t\t\t\t\t\t\t\t\t<\/div>\n\t\t\t<\/div>\n\t\t\t\t\t<div class=\"qode-aig-image qode-item-space\">\n\t\t\t\t<div class=\"qode-aig-image-inner\">\n\t\t\t\t\t\t\t\t\t\t\t<img loading=\"lazy\" decoding=\"async\" width=\"1024\" height=\"768\" src=\"https:\/\/www.altekkalip.com\/wp-content\/uploads\/2024\/09\/IMG_7583-1.jpg\" class=\"attachment-full size-full\" alt=\"\" srcset=\"https:\/\/www.altekkalip.com\/wp-content\/uploads\/2024\/09\/IMG_7583-1.jpg 1024w, https:\/\/www.altekkalip.com\/wp-content\/uploads\/2024\/09\/IMG_7583-1-300x225.jpg 300w, https:\/\/www.altekkalip.com\/wp-content\/uploads\/2024\/09\/IMG_7583-1-768x576.jpg 768w, https:\/\/www.altekkalip.com\/wp-content\/uploads\/2024\/09\/IMG_7583-1-800x600.jpg 800w, https:\/\/www.altekkalip.com\/wp-content\/uploads\/2024\/09\/IMG_7583-1-700x525.jpg 700w\" sizes=\"auto, (max-width: 1024px) 100vw, 1024px\" \/>\t\t\t\t\t\t<span class=\"aig-gallery-hover\">\n\t\t\t\t\t\t\t\t\t\t\t\t\t<\/span>\n\t\t\t\t\t\t\t\t\t<\/div>\n\t\t\t<\/div>\n\t\t\t\t\t<div class=\"qode-aig-image qode-item-space\">\n\t\t\t\t<div class=\"qode-aig-image-inner\">\n\t\t\t\t\t\t\t\t\t\t\t<img loading=\"lazy\" decoding=\"async\" width=\"1024\" height=\"576\" src=\"https:\/\/www.altekkalip.com\/wp-content\/uploads\/2024\/09\/IMG_7598-1.jpg\" class=\"attachment-full size-full\" alt=\"\" srcset=\"https:\/\/www.altekkalip.com\/wp-content\/uploads\/2024\/09\/IMG_7598-1.jpg 1024w, https:\/\/www.altekkalip.com\/wp-content\/uploads\/2024\/09\/IMG_7598-1-300x169.jpg 300w, https:\/\/www.altekkalip.com\/wp-content\/uploads\/2024\/09\/IMG_7598-1-768x432.jpg 768w, https:\/\/www.altekkalip.com\/wp-content\/uploads\/2024\/09\/IMG_7598-1-700x394.jpg 700w, https:\/\/www.altekkalip.com\/wp-content\/uploads\/2024\/09\/IMG_7598-1-539x303.jpg 539w\" sizes=\"auto, (max-width: 1024px) 100vw, 1024px\" \/>\t\t\t\t\t\t<span class=\"aig-gallery-hover\">\n\t\t\t\t\t\t\t\t\t\t\t\t\t<\/span>\n\t\t\t\t\t\t\t\t\t<\/div>\n\t\t\t<\/div>\n\t\t\t\t\t<div class=\"qode-aig-image qode-item-space\">\n\t\t\t\t<div class=\"qode-aig-image-inner\">\n\t\t\t\t\t\t\t\t\t\t\t<img loading=\"lazy\" decoding=\"async\" width=\"1024\" height=\"576\" src=\"https:\/\/www.altekkalip.com\/wp-content\/uploads\/2024\/09\/kalip-uretim-2-1.jpg\" class=\"attachment-full size-full\" alt=\"\" srcset=\"https:\/\/www.altekkalip.com\/wp-content\/uploads\/2024\/09\/kalip-uretim-2-1.jpg 1024w, https:\/\/www.altekkalip.com\/wp-content\/uploads\/2024\/09\/kalip-uretim-2-1-300x169.jpg 300w, https:\/\/www.altekkalip.com\/wp-content\/uploads\/2024\/09\/kalip-uretim-2-1-768x432.jpg 768w, https:\/\/www.altekkalip.com\/wp-content\/uploads\/2024\/09\/kalip-uretim-2-1-700x394.jpg 700w, https:\/\/www.altekkalip.com\/wp-content\/uploads\/2024\/09\/kalip-uretim-2-1-539x303.jpg 539w\" sizes=\"auto, (max-width: 1024px) 100vw, 1024px\" \/>\t\t\t\t\t\t<span class=\"aig-gallery-hover\">\n\t\t\t\t\t\t\t\t\t\t\t\t\t<\/span>\n\t\t\t\t\t\t\t\t\t<\/div>\n\t\t\t<\/div>\n\t\t\t<\/div>\n<\/div>[vc_separator type=&#8220;transparent&#8220; up=&#8220;20&#8243; down=&#8220;20&#8243;][\/vc_column][\/vc_row][vc_row css_animation=&#8220;&#8220; row_type=&#8220;row&#8220; use_row_as_full_screen_section=&#8220;no&#8220; type=&#8220;full_width&#8220; angled_section=&#8220;no&#8220; text_align=&#8220;left&#8220; background_image_as_pattern=&#8220;without_pattern&#8220; padding_top=&#8220;7&#8243; padding_bottom=&#8220;2&#8243; css=&#8220;.vc_custom_1562069661569{background-color: #312782 !important;}&#8220; z_index=&#8220;&#8220;][vc_column]<div class=\"container_inner\"><div class=\"call_to_action normal\" style=\"background-color: #312782;\"><div class=\"two_columns_75_25 clearfix\"><div class=\"text_wrapper column1\"><div class=\"call_to_action_text \" style=\"\">\n<h2><span style=\"color: #ffffff;\">Kontakt : + 90 216 482 41 46<\/span><\/h2>\n<p>&nbsp;<\/p>\n<h5><span style=\"color: #ffffff;\"><strong>Wenn Sie das Kontaktformular ausf\u00fcllen, werden wir Ihnen so schnell wie m\u00f6glich zur\u00fcckmelden.<\/strong><\/span><\/h5>\n<\/div><\/div><div class=\"button_wrapper column2\"><a itemprop=\"url\" href=\"https:\/\/www.altekkalip.com\/de\/kontakt\/\" class=\"qbutton white \" target=\"_self\" style=\"color: #1a1a1a;border-color: #ffffff;background-color: #ffffff;\"data-hover-background-color=#1a1a1a data-hover-border-color=#1a1a1a data-hover-color=#ffffff>KONTAKTFORMULAR<\/a><\/div><\/div><\/div><\/div>[\/vc_column][\/vc_row]<\/p>\n<\/div>","protected":false},"excerpt":{"rendered":"<p>[vc_row css_animation=&#8220;&#8220; row_type=&#8220;row&#8220; use_row_as_full_screen_section=&#8220;no&#8220; type=&#8220;grid&#8220; angled_section=&#8220;no&#8220; text_align=&#8220;left&#8220; background_image_as_pattern=&#8220;without_pattern&#8220; padding_top=&#8220;30&#8243; z_index=&#8220;&#8220;][vc_column][vc_column_text] FORMENBAU [\/vc_column_text][vc_separator type=&#8220;small&#8220; position=&#8220;left&#8220; up=&#8220;20&#8243; down=&#8220;30&#8243; thickness=&#8220;4&#8243; width=&#8220;48&#8243; color=&#8220;#312782&#8243;][vc_column_text css=&#8220;&#8220;]Nach der Freigabe des vom Kunden best\u00e4tigten Formdesigns beginnt die Herstellung der Form. Die erforderlichen Wartungen und regelm\u00e4\u00dfigen Kontrollen der hergestellten Formen werden kontinuierlich durchgef\u00fchrt und&#8230;<\/p>\n","protected":false},"author":1,"featured_media":0,"parent":0,"menu_order":0,"comment_status":"open","ping_status":"closed","template":"full_width.php","meta":{"footnotes":""},"class_list":["post-16623","page","type-page","status-publish","hentry"],"aioseo_notices":[],"post_mailing_queue_ids":[],"_links":{"self":[{"href":"https:\/\/www.altekkalip.com\/de\/wp-json\/wp\/v2\/pages\/16623","targetHints":{"allow":["GET"]}}],"collection":[{"href":"https:\/\/www.altekkalip.com\/de\/wp-json\/wp\/v2\/pages"}],"about":[{"href":"https:\/\/www.altekkalip.com\/de\/wp-json\/wp\/v2\/types\/page"}],"author":[{"embeddable":true,"href":"https:\/\/www.altekkalip.com\/de\/wp-json\/wp\/v2\/users\/1"}],"replies":[{"embeddable":true,"href":"https:\/\/www.altekkalip.com\/de\/wp-json\/wp\/v2\/comments?post=16623"}],"version-history":[{"count":5,"href":"https:\/\/www.altekkalip.com\/de\/wp-json\/wp\/v2\/pages\/16623\/revisions"}],"predecessor-version":[{"id":16862,"href":"https:\/\/www.altekkalip.com\/de\/wp-json\/wp\/v2\/pages\/16623\/revisions\/16862"}],"wp:attachment":[{"href":"https:\/\/www.altekkalip.com\/de\/wp-json\/wp\/v2\/media?parent=16623"}],"curies":[{"name":"wp","href":"https:\/\/api.w.org\/{rel}","templated":true}]}}