{"id":16597,"date":"2025-11-07T13:36:06","date_gmt":"2025-11-07T10:36:06","guid":{"rendered":"https:\/\/www.altekkalip.com\/bearbeitung\/"},"modified":"2026-01-10T10:21:45","modified_gmt":"2026-01-10T07:21:45","slug":"bearbeitung","status":"publish","type":"page","link":"https:\/\/www.altekkalip.com\/de\/bearbeitung\/","title":{"rendered":"Bearbeitung"},"content":{"rendered":"<div class=\"wpb-content-wrapper\"><p>[vc_row css_animation=&#8220;&#8220; row_type=&#8220;row&#8220; use_row_as_full_screen_section=&#8220;no&#8220; type=&#8220;grid&#8220; angled_section=&#8220;no&#8220; text_align=&#8220;left&#8220; background_image_as_pattern=&#8220;without_pattern&#8220; padding_top=&#8220;30&#8243; z_index=&#8220;&#8220;][vc_column][vc_column_text]<\/p>\n<h1 style=\"text-align: left;\">BEARBEITUNG<\/h1>\n<p>[\/vc_column_text][vc_separator type=&#8220;small&#8220; position=&#8220;left&#8220; up=&#8220;20&#8243; down=&#8220;30&#8243; color=&#8220;#312782&#8243; thickness=&#8220;4&#8243; width=&#8220;48&#8243;][vc_column_text css=&#8220;&#8220;]In unserem hochpr\u00e4zisen, automatisierten und auf die Erwartungen unserer Kunden abgestimmten Maschinenpark bearbeiten wir verschiedene legierte St\u00e4hle (Kohlenstoffstahl, Automatenstahl, Verg\u00fctungsstahl, Edelstahl), Aluminium, Messing sowie Grauguss-Materialien mit h\u00f6chster Sorgfalt. Die Auslieferung der bearbeiteten Produkte erfolgt nach Mess- und Pr\u00fcfverfahren, die den aktuellen technologischen Anforderungen entsprechen.<\/p>\n<p>Unsere Bearbeitungsabteilung verf\u00fcgt \u00fcber hochpr\u00e4zise CNC-Fr\u00e4smaschinen, CNC-Drehmaschinen, Bohrmaschinen sowie Universal-Werkzeugmaschinen und bietet somit umfassende Bearbeitungsm\u00f6glichkeiten mit hoher Genauigkeit.<br \/>\nUnser Unternehmen liefert alle von uns hergestellten Druckgussteile bearbeitet und montagebereit an unsere Kunden aus.<br \/>\n[\/vc_column_text][vc_separator type=&#8220;transparent&#8220; up=&#8220;20&#8243; down=&#8220;20&#8243;]<div class=\"qode-advanced-image-gallery  qode-aig-grid-type qode-tiny-space   \">\n\t<div class=\"qode-aig-inner qode-outer-space qode-aig-grid qode-aig-three-columns\">\n\t\t\t\t\t<div class=\"qode-aig-image qode-item-space\">\n\t\t\t\t<div class=\"qode-aig-image-inner\">\n\t\t\t\t\t\t\t\t\t\t\t<img loading=\"lazy\" decoding=\"async\" width=\"1024\" height=\"576\" src=\"https:\/\/www.altekkalip.com\/wp-content\/uploads\/2024\/09\/isleme-1.jpg\" class=\"attachment-full size-full\" alt=\"\" srcset=\"https:\/\/www.altekkalip.com\/wp-content\/uploads\/2024\/09\/isleme-1.jpg 1024w, https:\/\/www.altekkalip.com\/wp-content\/uploads\/2024\/09\/isleme-1-300x169.jpg 300w, https:\/\/www.altekkalip.com\/wp-content\/uploads\/2024\/09\/isleme-1-768x432.jpg 768w, https:\/\/www.altekkalip.com\/wp-content\/uploads\/2024\/09\/isleme-1-700x394.jpg 700w, https:\/\/www.altekkalip.com\/wp-content\/uploads\/2024\/09\/isleme-1-539x303.jpg 539w\" sizes=\"auto, (max-width: 1024px) 100vw, 1024px\" \/>\t\t\t\t\t\t<span class=\"aig-gallery-hover\">\n\t\t\t\t\t\t\t\t\t\t\t\t\t<\/span>\n\t\t\t\t\t\t\t\t\t<\/div>\n\t\t\t<\/div>\n\t\t\t\t\t<div class=\"qode-aig-image qode-item-space\">\n\t\t\t\t<div class=\"qode-aig-image-inner\">\n\t\t\t\t\t\t\t\t\t\t\t<img loading=\"lazy\" decoding=\"async\" width=\"1024\" height=\"576\" src=\"https:\/\/www.altekkalip.com\/wp-content\/uploads\/2024\/09\/isleme-2.jpg\" class=\"attachment-full size-full\" alt=\"\" srcset=\"https:\/\/www.altekkalip.com\/wp-content\/uploads\/2024\/09\/isleme-2.jpg 1024w, https:\/\/www.altekkalip.com\/wp-content\/uploads\/2024\/09\/isleme-2-300x169.jpg 300w, https:\/\/www.altekkalip.com\/wp-content\/uploads\/2024\/09\/isleme-2-768x432.jpg 768w, https:\/\/www.altekkalip.com\/wp-content\/uploads\/2024\/09\/isleme-2-700x394.jpg 700w, https:\/\/www.altekkalip.com\/wp-content\/uploads\/2024\/09\/isleme-2-539x303.jpg 539w\" sizes=\"auto, (max-width: 1024px) 100vw, 1024px\" \/>\t\t\t\t\t\t<span class=\"aig-gallery-hover\">\n\t\t\t\t\t\t\t\t\t\t\t\t\t<\/span>\n\t\t\t\t\t\t\t\t\t<\/div>\n\t\t\t<\/div>\n\t\t\t\t\t<div class=\"qode-aig-image qode-item-space\">\n\t\t\t\t<div class=\"qode-aig-image-inner\">\n\t\t\t\t\t\t\t\t\t\t\t<img loading=\"lazy\" decoding=\"async\" width=\"1024\" height=\"576\" src=\"https:\/\/www.altekkalip.com\/wp-content\/uploads\/2024\/09\/isleme-3.jpg\" class=\"attachment-full size-full\" alt=\"\" srcset=\"https:\/\/www.altekkalip.com\/wp-content\/uploads\/2024\/09\/isleme-3.jpg 1024w, https:\/\/www.altekkalip.com\/wp-content\/uploads\/2024\/09\/isleme-3-300x169.jpg 300w, https:\/\/www.altekkalip.com\/wp-content\/uploads\/2024\/09\/isleme-3-768x432.jpg 768w, https:\/\/www.altekkalip.com\/wp-content\/uploads\/2024\/09\/isleme-3-700x394.jpg 700w, https:\/\/www.altekkalip.com\/wp-content\/uploads\/2024\/09\/isleme-3-539x303.jpg 539w\" sizes=\"auto, (max-width: 1024px) 100vw, 1024px\" \/>\t\t\t\t\t\t<span class=\"aig-gallery-hover\">\n\t\t\t\t\t\t\t\t\t\t\t\t\t<\/span>\n\t\t\t\t\t\t\t\t\t<\/div>\n\t\t\t<\/div>\n\t\t\t<\/div>\n<\/div>[vc_separator type=&#8220;transparent&#8220; up=&#8220;20&#8243; down=&#8220;20&#8243;]<div class=\"qode-advanced-image-gallery  qode-aig-grid-type qode-tiny-space   \">\n\t<div class=\"qode-aig-inner qode-outer-space qode-aig-grid qode-aig-two-columns\">\n\t\t\t\t\t<div class=\"qode-aig-image qode-item-space\">\n\t\t\t\t<div class=\"qode-aig-image-inner\">\n\t\t\t\t\t\t\t\t\t\t\t<img loading=\"lazy\" decoding=\"async\" width=\"1200\" height=\"750\" src=\"https:\/\/www.altekkalip.com\/wp-content\/uploads\/2026\/01\/isleme-urun-1.jpg\" class=\"attachment-full size-full\" alt=\"\" srcset=\"https:\/\/www.altekkalip.com\/wp-content\/uploads\/2026\/01\/isleme-urun-1.jpg 1200w, https:\/\/www.altekkalip.com\/wp-content\/uploads\/2026\/01\/isleme-urun-1-300x188.jpg 300w, https:\/\/www.altekkalip.com\/wp-content\/uploads\/2026\/01\/isleme-urun-1-1024x640.jpg 1024w, https:\/\/www.altekkalip.com\/wp-content\/uploads\/2026\/01\/isleme-urun-1-768x480.jpg 768w, https:\/\/www.altekkalip.com\/wp-content\/uploads\/2026\/01\/isleme-urun-1-700x438.jpg 700w\" sizes=\"auto, (max-width: 1200px) 100vw, 1200px\" \/>\t\t\t\t\t\t<span class=\"aig-gallery-hover\">\n\t\t\t\t\t\t\t\t\t\t\t\t\t<\/span>\n\t\t\t\t\t\t\t\t\t<\/div>\n\t\t\t<\/div>\n\t\t\t\t\t<div class=\"qode-aig-image qode-item-space\">\n\t\t\t\t<div class=\"qode-aig-image-inner\">\n\t\t\t\t\t\t\t\t\t\t\t<img loading=\"lazy\" decoding=\"async\" width=\"1200\" height=\"750\" src=\"https:\/\/www.altekkalip.com\/wp-content\/uploads\/2026\/01\/isleme-urun-2.jpg\" class=\"attachment-full size-full\" alt=\"\" srcset=\"https:\/\/www.altekkalip.com\/wp-content\/uploads\/2026\/01\/isleme-urun-2.jpg 1200w, https:\/\/www.altekkalip.com\/wp-content\/uploads\/2026\/01\/isleme-urun-2-300x188.jpg 300w, https:\/\/www.altekkalip.com\/wp-content\/uploads\/2026\/01\/isleme-urun-2-1024x640.jpg 1024w, https:\/\/www.altekkalip.com\/wp-content\/uploads\/2026\/01\/isleme-urun-2-768x480.jpg 768w, https:\/\/www.altekkalip.com\/wp-content\/uploads\/2026\/01\/isleme-urun-2-700x438.jpg 700w\" sizes=\"auto, (max-width: 1200px) 100vw, 1200px\" \/>\t\t\t\t\t\t<span class=\"aig-gallery-hover\">\n\t\t\t\t\t\t\t\t\t\t\t\t\t<\/span>\n\t\t\t\t\t\t\t\t\t<\/div>\n\t\t\t<\/div>\n\t\t\t\t\t<div class=\"qode-aig-image qode-item-space\">\n\t\t\t\t<div class=\"qode-aig-image-inner\">\n\t\t\t\t\t\t\t\t\t\t\t<img loading=\"lazy\" decoding=\"async\" width=\"1200\" height=\"750\" src=\"https:\/\/www.altekkalip.com\/wp-content\/uploads\/2026\/01\/isleme-urun-3-1.jpg\" class=\"attachment-full size-full\" alt=\"\" srcset=\"https:\/\/www.altekkalip.com\/wp-content\/uploads\/2026\/01\/isleme-urun-3-1.jpg 1200w, https:\/\/www.altekkalip.com\/wp-content\/uploads\/2026\/01\/isleme-urun-3-1-300x188.jpg 300w, https:\/\/www.altekkalip.com\/wp-content\/uploads\/2026\/01\/isleme-urun-3-1-1024x640.jpg 1024w, https:\/\/www.altekkalip.com\/wp-content\/uploads\/2026\/01\/isleme-urun-3-1-768x480.jpg 768w, https:\/\/www.altekkalip.com\/wp-content\/uploads\/2026\/01\/isleme-urun-3-1-700x438.jpg 700w\" sizes=\"auto, (max-width: 1200px) 100vw, 1200px\" \/>\t\t\t\t\t\t<span class=\"aig-gallery-hover\">\n\t\t\t\t\t\t\t\t\t\t\t\t\t<\/span>\n\t\t\t\t\t\t\t\t\t<\/div>\n\t\t\t<\/div>\n\t\t\t\t\t<div class=\"qode-aig-image qode-item-space\">\n\t\t\t\t<div class=\"qode-aig-image-inner\">\n\t\t\t\t\t\t\t\t\t\t\t<img loading=\"lazy\" decoding=\"async\" width=\"1200\" height=\"750\" src=\"https:\/\/www.altekkalip.com\/wp-content\/uploads\/2026\/01\/isleme-urun-4-1.jpg\" class=\"attachment-full size-full\" alt=\"\" srcset=\"https:\/\/www.altekkalip.com\/wp-content\/uploads\/2026\/01\/isleme-urun-4-1.jpg 1200w, https:\/\/www.altekkalip.com\/wp-content\/uploads\/2026\/01\/isleme-urun-4-1-300x188.jpg 300w, https:\/\/www.altekkalip.com\/wp-content\/uploads\/2026\/01\/isleme-urun-4-1-1024x640.jpg 1024w, https:\/\/www.altekkalip.com\/wp-content\/uploads\/2026\/01\/isleme-urun-4-1-768x480.jpg 768w, https:\/\/www.altekkalip.com\/wp-content\/uploads\/2026\/01\/isleme-urun-4-1-700x438.jpg 700w\" sizes=\"auto, (max-width: 1200px) 100vw, 1200px\" \/>\t\t\t\t\t\t<span class=\"aig-gallery-hover\">\n\t\t\t\t\t\t\t\t\t\t\t\t\t<\/span>\n\t\t\t\t\t\t\t\t\t<\/div>\n\t\t\t<\/div>\n\t\t\t<\/div>\n<\/div>[\/vc_column][\/vc_row][vc_row css_animation=&#8220;&#8220; row_type=&#8220;row&#8220; use_row_as_full_screen_section=&#8220;no&#8220; type=&#8220;full_width&#8220; angled_section=&#8220;no&#8220; text_align=&#8220;left&#8220; background_image_as_pattern=&#8220;without_pattern&#8220; padding_top=&#8220;7&#8243; padding_bottom=&#8220;2&#8243; css=&#8220;.vc_custom_1562069938173{background-color: #312782 !important;}&#8220; z_index=&#8220;&#8220;][vc_column]<div class=\"container_inner\"><div class=\"call_to_action normal\" style=\"background-color: #312782;\"><div class=\"two_columns_75_25 clearfix\"><div class=\"text_wrapper column1\"><div class=\"call_to_action_text \" style=\"\">\n<h2><span style=\"color: #ffffff;\">Kontakt : + 90 216 482 41 46<\/span><\/h2>\n<p>&nbsp;<\/p>\n<h5><span style=\"color: #ffffff;\"><strong>Wenn Sie das Kontaktformular ausf\u00fcllen, werden wir Ihnen so schnell wie m\u00f6glich zur\u00fcckmelden.<\/strong><\/span><\/h5>\n<\/div><\/div><div class=\"button_wrapper column2\"><a itemprop=\"url\" href=\"https:\/\/www.altekkalip.com\/de\/kontakt\/\" class=\"qbutton white \" target=\"_self\" style=\"color: #1a1a1a;border-color: #ffffff;background-color: #ffffff;\"data-hover-background-color=#1a1a1a data-hover-border-color=#1a1a1a data-hover-color=#ffffff>KONTAKTFORMULAR<\/a><\/div><\/div><\/div><\/div>[\/vc_column][\/vc_row]<\/p>\n<\/div>","protected":false},"excerpt":{"rendered":"<p>[vc_row css_animation=&#8220;&#8220; row_type=&#8220;row&#8220; use_row_as_full_screen_section=&#8220;no&#8220; type=&#8220;grid&#8220; angled_section=&#8220;no&#8220; text_align=&#8220;left&#8220; background_image_as_pattern=&#8220;without_pattern&#8220; padding_top=&#8220;30&#8243; z_index=&#8220;&#8220;][vc_column][vc_column_text] BEARBEITUNG [\/vc_column_text][vc_separator type=&#8220;small&#8220; position=&#8220;left&#8220; up=&#8220;20&#8243; down=&#8220;30&#8243; color=&#8220;#312782&#8243; thickness=&#8220;4&#8243; width=&#8220;48&#8243;][vc_column_text css=&#8220;&#8220;]In unserem hochpr\u00e4zisen, automatisierten und auf die Erwartungen unserer Kunden abgestimmten Maschinenpark bearbeiten wir verschiedene legierte St\u00e4hle (Kohlenstoffstahl, Automatenstahl, Verg\u00fctungsstahl, Edelstahl), Aluminium, Messing sowie Grauguss-Materialien mit&#8230;<\/p>\n","protected":false},"author":1,"featured_media":0,"parent":0,"menu_order":0,"comment_status":"open","ping_status":"closed","template":"full_width.php","meta":{"footnotes":""},"class_list":["post-16597","page","type-page","status-publish","hentry"],"aioseo_notices":[],"post_mailing_queue_ids":[],"_links":{"self":[{"href":"https:\/\/www.altekkalip.com\/de\/wp-json\/wp\/v2\/pages\/16597","targetHints":{"allow":["GET"]}}],"collection":[{"href":"https:\/\/www.altekkalip.com\/de\/wp-json\/wp\/v2\/pages"}],"about":[{"href":"https:\/\/www.altekkalip.com\/de\/wp-json\/wp\/v2\/types\/page"}],"author":[{"embeddable":true,"href":"https:\/\/www.altekkalip.com\/de\/wp-json\/wp\/v2\/users\/1"}],"replies":[{"embeddable":true,"href":"https:\/\/www.altekkalip.com\/de\/wp-json\/wp\/v2\/comments?post=16597"}],"version-history":[{"count":6,"href":"https:\/\/www.altekkalip.com\/de\/wp-json\/wp\/v2\/pages\/16597\/revisions"}],"predecessor-version":[{"id":17084,"href":"https:\/\/www.altekkalip.com\/de\/wp-json\/wp\/v2\/pages\/16597\/revisions\/17084"}],"wp:attachment":[{"href":"https:\/\/www.altekkalip.com\/de\/wp-json\/wp\/v2\/media?parent=16597"}],"curies":[{"name":"wp","href":"https:\/\/api.w.org\/{rel}","templated":true}]}}