{"id":16572,"date":"2025-11-07T13:22:04","date_gmt":"2025-11-07T10:22:04","guid":{"rendered":"https:\/\/www.altekkalip.com\/ueber-uns\/"},"modified":"2026-01-09T19:02:16","modified_gmt":"2026-01-09T16:02:16","slug":"ueber-uns","status":"publish","type":"page","link":"https:\/\/www.altekkalip.com\/de\/ueber-uns\/","title":{"rendered":"\u00dcber Uns"},"content":{"rendered":"<div class=\"wpb-content-wrapper\"><p>[vc_row css_animation=&#8220;&#8220; row_type=&#8220;row&#8220; use_row_as_full_screen_section=&#8220;no&#8220; type=&#8220;grid&#8220; angled_section=&#8220;no&#8220; text_align=&#8220;left&#8220; background_image_as_pattern=&#8220;without_pattern&#8220; padding_top=&#8220;40&#8243; z_index=&#8220;&#8220;][vc_column][vc_column_text]<\/p>\n<p>&nbsp;<\/p>\n<h1 style=\"text-align: left;\">Altek Kal\u0131p<\/h1>\n<p>&nbsp;<\/p>\n<p>[\/vc_column_text][vc_separator type=&#8220;small&#8220; position=&#8220;left&#8220; up=&#8220;20&#8243; down=&#8220;30&#8243; color=&#8220;#312782&#8243; thickness=&#8220;4&#8243; width=&#8220;48&#8243;][vc_column_text css=&#8220;&#8220;]Altek Kal\u0131p ve Pres D\u00f6k\u00fcm verf\u00fcgt \u00fcber mehr als 50 Jahre Erfahrung seit 1973 und setzt seine T\u00e4tigkeiten seit der Neustrukturierung im Jahr 2013 in Tuzla \/ Istanbul fort. Unser Unternehmen bietet mit seinem in diesem Bereich spezialisierten Team die Herstellung von Druckgussformen, Hochdruck-Kaltkammer- und Warmkammer-Druckguss sowie die mechanische Bearbeitung mit CNC- und Universalmaschinen f\u00fcr verschiedene Branchen an. Wir k\u00f6nnen Aluminium- und Zamak-Druckgussteile im Bereich von 5 g bis 7500 g herstellen und bieten unseren Kunden durch Formherstellung und Bearbeitungsunterst\u00fctzung einen Kostenvorteil pro Einheit.<\/p>\n<p>&nbsp;<\/p>\n<p>&nbsp;<\/p>\n<p>&nbsp;<\/p>\n<p>Unser Unternehmen arbeitet mit h\u00f6chstem Engagement daran, seinen Kunden den bestm\u00f6glichen Service zu bieten und produziert unter anderem f\u00fcr die folgenden Bereiche:<\/p>\n<p>&nbsp;<\/p>\n<p>&nbsp;<\/p>\n<p>&nbsp;<\/p>\n<p>Automobilindustrie, Elektro-, Elektronik- und Beleuchtungssektor, Geschenkartikel, Brenner- und Kesselverbindungsteile, M\u00f6bel- und Maschinenteile sowie Hauptrahmen- und Verbindungselemente f\u00fcr Lastkraftwagen.<\/p>\n<p>&nbsp;<\/p>\n<p>&nbsp;<\/p>\n<p>&nbsp;<\/p>\n<p>Die wichtigsten Branchen und M\u00e4rkte, in denen die hergestellten Teile verwendet werden, sind:<\/p>\n<p>&nbsp;<\/p>\n<ul>\n<li>Automobilindustrie<\/li>\n<li>Elektro- und Elektronikindustrie<\/li>\n<li>Eisenwaren und Befestigungstechnik<\/li>\n<li>M\u00f6belindustrie<\/li>\n<li>Maschinenteile<\/li>\n<li>Industrieprodukte<\/li>\n<li>Telekommunikation<\/li>\n<li>Fenster- und T\u00fcrbeschl\u00e4ge<\/li>\n<li>Werkzeuge und Einzelhandelsprodukte<\/li>\n<li>Beleuchtungsindustrie<\/li>\n<\/ul>\n<p>&nbsp;<\/p>\n<p>[\/vc_column_text][vc_empty_space][vc_row_inner row_type=&#8220;row&#8220; type=&#8220;full_width&#8220; text_align=&#8220;left&#8220; css_animation=&#8220;&#8220;][vc_column_inner width=&#8220;1\/4&#8243;][\/vc_column_inner][vc_column_inner width=&#8220;1\/2&#8243;][vc_column_text css=&#8220;&#8220;]<video poster=\"https:\/\/www.altekkalip.com\/altek.png\" controls=\"controls\" width=\"100%\" height=\"auto\"><source type=\"video\/mp4\" src=\"https:\/\/www.altekkalip.com\/ALTEK_001.mp4\" \/><\/video>[\/vc_column_text][vc_empty_space][\/vc_column_inner][vc_column_inner width=&#8220;1\/4&#8243;][\/vc_column_inner][\/vc_row_inner][vc_column_text]<\/p>\n<p>&nbsp;<\/p>\n<h2 style=\"text-align: left;\">Qualit\u00e4ts- und Markenzertifikate<\/h2>\n<p>&nbsp;<\/p>\n<p>[\/vc_column_text][vc_separator type=&#8220;small&#8220; position=&#8220;left&#8220; up=&#8220;20&#8243; down=&#8220;30&#8243; color=&#8220;#312782&#8243; thickness=&#8220;4&#8243; width=&#8220;48&#8243;][\/vc_column][\/vc_row][vc_row css_animation=&#8220;&#8220; row_type=&#8220;row&#8220; use_row_as_full_screen_section=&#8220;no&#8220; type=&#8220;grid&#8220; angled_section=&#8220;no&#8220; text_align=&#8220;left&#8220; background_image_as_pattern=&#8220;without_pattern&#8220; z_index=&#8220;&#8220;][vc_column width=&#8220;1\/5&#8243;][vc_single_image image=&#8220;16895&#8243; img_size=&#8220;full&#8220; alignment=&#8220;center&#8220; onclick=&#8220;link_image&#8220; css=&#8220;&#8220; qode_css_animation=&#8220;&#8220;][vc_empty_space][\/vc_column][vc_column width=&#8220;1\/5&#8243;][vc_single_image image=&#8220;16898&#8243; img_size=&#8220;full&#8220; alignment=&#8220;center&#8220; onclick=&#8220;link_image&#8220; css=&#8220;&#8220; qode_css_animation=&#8220;&#8220;][vc_empty_space][\/vc_column][vc_column width=&#8220;1\/5&#8243;][vc_single_image image=&#8220;16901&#8243; img_size=&#8220;full&#8220; alignment=&#8220;center&#8220; onclick=&#8220;link_image&#8220; css=&#8220;&#8220; qode_css_animation=&#8220;&#8220;][vc_empty_space][\/vc_column][vc_column width=&#8220;1\/5&#8243;][vc_single_image image=&#8220;16580&#8243; img_size=&#8220;full&#8220; alignment=&#8220;center&#8220; onclick=&#8220;link_image&#8220; css=&#8220;&#8220; qode_css_animation=&#8220;&#8220;][vc_empty_space][\/vc_column][vc_column width=&#8220;1\/5&#8243;][vc_single_image image=&#8220;16574&#8243; img_size=&#8220;large&#8220; alignment=&#8220;center&#8220; onclick=&#8220;link_image&#8220; qode_css_animation=&#8220;&#8220;][vc_empty_space][\/vc_column][\/vc_row][vc_row css_animation=&#8220;&#8220; row_type=&#8220;row&#8220; use_row_as_full_screen_section=&#8220;no&#8220; type=&#8220;full_width&#8220; angled_section=&#8220;no&#8220; text_align=&#8220;left&#8220; background_image_as_pattern=&#8220;without_pattern&#8220; padding_top=&#8220;7&#8243; padding_bottom=&#8220;2&#8243; css=&#8220;.vc_custom_1562069509805{background-color: #312782 !important;}&#8220; z_index=&#8220;&#8220;][vc_column]<div class=\"container_inner\"><div class=\"call_to_action normal\" style=\"background-color: #312782;\"><div class=\"two_columns_75_25 clearfix\"><div class=\"text_wrapper column1\"><div class=\"call_to_action_text \" style=\"\">\n<h2><span style=\"color: #ffffff;\">Kontakt : + 90 216 482 41 46<\/span><\/h2>\n<p>&nbsp;<\/p>\n<h5><span style=\"color: #ffffff;\"><strong>Wenn Sie das Kontaktformular ausf\u00fcllen, werden wir Ihnen so schnell wie m\u00f6glich zur\u00fcckmelden.<\/strong><\/span><\/h5>\n<\/div><\/div><div class=\"button_wrapper column2\"><a itemprop=\"url\" href=\"https:\/\/www.altekkalip.com\/de\/kontakt\/\" class=\"qbutton white \" target=\"_self\" style=\"color: #1a1a1a;border-color: #ffffff;background-color: #ffffff;\"data-hover-background-color=#1a1a1a data-hover-border-color=#1a1a1a data-hover-color=#ffffff>KONTAKTFORMULAR<\/a><\/div><\/div><\/div><\/div>[\/vc_column][\/vc_row]<\/p>\n<\/div>","protected":false},"excerpt":{"rendered":"<p>[vc_row css_animation=&#8220;&#8220; row_type=&#8220;row&#8220; use_row_as_full_screen_section=&#8220;no&#8220; type=&#8220;grid&#8220; angled_section=&#8220;no&#8220; text_align=&#8220;left&#8220; background_image_as_pattern=&#8220;without_pattern&#8220; padding_top=&#8220;40&#8243; z_index=&#8220;&#8220;][vc_column][vc_column_text] &nbsp; Altek Kal\u0131p &nbsp; [\/vc_column_text][vc_separator type=&#8220;small&#8220; position=&#8220;left&#8220; up=&#8220;20&#8243; down=&#8220;30&#8243; color=&#8220;#312782&#8243; thickness=&#8220;4&#8243; width=&#8220;48&#8243;][vc_column_text css=&#8220;&#8220;]Altek Kal\u0131p ve Pres D\u00f6k\u00fcm verf\u00fcgt \u00fcber mehr als 50 Jahre Erfahrung seit 1973 und setzt seine T\u00e4tigkeiten seit der Neustrukturierung im Jahr&#8230;<\/p>\n","protected":false},"author":1,"featured_media":0,"parent":0,"menu_order":0,"comment_status":"open","ping_status":"closed","template":"full_width.php","meta":{"footnotes":""},"class_list":["post-16572","page","type-page","status-publish","hentry"],"aioseo_notices":[],"post_mailing_queue_ids":[],"_links":{"self":[{"href":"https:\/\/www.altekkalip.com\/de\/wp-json\/wp\/v2\/pages\/16572","targetHints":{"allow":["GET"]}}],"collection":[{"href":"https:\/\/www.altekkalip.com\/de\/wp-json\/wp\/v2\/pages"}],"about":[{"href":"https:\/\/www.altekkalip.com\/de\/wp-json\/wp\/v2\/types\/page"}],"author":[{"embeddable":true,"href":"https:\/\/www.altekkalip.com\/de\/wp-json\/wp\/v2\/users\/1"}],"replies":[{"embeddable":true,"href":"https:\/\/www.altekkalip.com\/de\/wp-json\/wp\/v2\/comments?post=16572"}],"version-history":[{"count":16,"href":"https:\/\/www.altekkalip.com\/de\/wp-json\/wp\/v2\/pages\/16572\/revisions"}],"predecessor-version":[{"id":16906,"href":"https:\/\/www.altekkalip.com\/de\/wp-json\/wp\/v2\/pages\/16572\/revisions\/16906"}],"wp:attachment":[{"href":"https:\/\/www.altekkalip.com\/de\/wp-json\/wp\/v2\/media?parent=16572"}],"curies":[{"name":"wp","href":"https:\/\/api.w.org\/{rel}","templated":true}]}}