{"id":16559,"date":"2025-11-07T13:18:42","date_gmt":"2025-11-07T10:18:42","guid":{"rendered":"https:\/\/www.altekkalip.com\/gusserei\/"},"modified":"2026-01-10T22:01:16","modified_gmt":"2026-01-10T19:01:16","slug":"gusserei","status":"publish","type":"page","link":"https:\/\/www.altekkalip.com\/de\/gusserei\/","title":{"rendered":"Gusserei"},"content":{"rendered":"<div class=\"wpb-content-wrapper\"><p>[vc_row css_animation=&#8220;&#8220; row_type=&#8220;row&#8220; use_row_as_full_screen_section=&#8220;no&#8220; type=&#8220;grid&#8220; angled_section=&#8220;no&#8220; text_align=&#8220;left&#8220; background_image_as_pattern=&#8220;without_pattern&#8220; padding_top=&#8220;30&#8243; z_index=&#8220;&#8220;][vc_column][vc_column_text]<\/p>\n<h1 style=\"text-align: left;\">GUSSEREI<\/h1>\n<p>[\/vc_column_text][vc_separator type=&#8220;small&#8220; position=&#8220;left&#8220; up=&#8220;20&#8243; down=&#8220;30&#8243; color=&#8220;#312782&#8243; thickness=&#8220;4&#8243; width=&#8220;48&#8243;][vc_column_text css=&#8220;&#8220;]Unser Unternehmen f\u00fchrt mit den in unserem Hause vorhandenen Hochdruck-Metalldruckgussmaschinen und erfahrenem Personal f\u00fcr die Automobil-, Haushaltsger\u00e4te- und Zulieferindustrie Druckgussverfahren im Kaltkammer- und Warmkammersystem durch. Mit bereits fertiggestellten Formen k\u00f6nnen Aluminium- und Zamak-Druckgussteile im Bereich von 5 g bis 7500 g hergestellt werden. Durch die Unterst\u00fctzung bei Formenbau und Bearbeitung wird unseren bestehenden Kunden aus der Automobil- und Haushaltsger\u00e4teindustrie ein Kostenvorteil pro Einheit geboten.<\/p>\n<p>In unserem Maschinenpark befinden sich insgesamt f\u00fcnf Kaltkammer-Druckgussmaschinen, darunter eine 180 Ton BUHLER, eine 300 Ton IDRA, eine 200 Ton Druckgussmaschine, eine 300 Ton Druckgussmaschine sowie eine 550 Ton Druckgussmaschine.[\/vc_column_text][vc_separator type=&#8220;transparent&#8220; up=&#8220;20&#8243; down=&#8220;20&#8243;][vc_column_text css=&#8220;&#8220;]<\/p>\n<h2 style=\"text-align: left;\">GUSSEREI<\/h2>\n<p>[\/vc_column_text][vc_separator type=&#8220;small&#8220; position=&#8220;left&#8220; up=&#8220;20&#8243; down=&#8220;30&#8243; color=&#8220;#312782&#8243; thickness=&#8220;4&#8243; width=&#8220;48&#8243;][vc_row_inner row_type=&#8220;row&#8220; type=&#8220;full_width&#8220; text_align=&#8220;left&#8220; css_animation=&#8220;&#8220;][vc_column_inner width=&#8220;1\/2&#8243;][vc_separator type=&#8220;transparent&#8220; up=&#8220;6&#8243; down=&#8220;6&#8243;][vc_single_image image=&#8220;16567&#8243; img_size=&#8220;full&#8220; css=&#8220;&#8220; qode_css_animation=&#8220;&#8220;][vc_separator type=&#8220;transparent&#8220; up=&#8220;6&#8243; down=&#8220;6&#8243;][vc_single_image image=&#8220;16568&#8243; img_size=&#8220;full&#8220; css=&#8220;&#8220; qode_css_animation=&#8220;&#8220;][vc_separator type=&#8220;transparent&#8220; up=&#8220;20&#8243; down=&#8220;20&#8243;][\/vc_column_inner][vc_column_inner width=&#8220;1\/2&#8243;][vc_single_image image=&#8220;16564&#8243; img_size=&#8220;full&#8220; qode_css_animation=&#8220;&#8220;][vc_separator type=&#8220;transparent&#8220; up=&#8220;20&#8243; down=&#8220;20&#8243;][\/vc_column_inner][\/vc_row_inner][\/vc_column][\/vc_row][vc_row css_animation=&#8220;&#8220; row_type=&#8220;row&#8220; use_row_as_full_screen_section=&#8220;no&#8220; type=&#8220;full_width&#8220; angled_section=&#8220;no&#8220; text_align=&#8220;left&#8220; background_image_as_pattern=&#8220;without_pattern&#8220; padding_top=&#8220;7&#8243; padding_bottom=&#8220;2&#8243; css=&#8220;.vc_custom_1562069769516{background-color: #312782 !important;}&#8220; z_index=&#8220;&#8220;][vc_column]<div class=\"container_inner\"><div class=\"call_to_action normal\" style=\"background-color: #312782;\"><div class=\"two_columns_75_25 clearfix\"><div class=\"text_wrapper column1\"><div class=\"call_to_action_text \" style=\"\">\n<h2><span style=\"color: #ffffff;\">Kontakt : + 90 216 482 41 46<\/span><\/h2>\n<p>&nbsp;<\/p>\n<h5><span style=\"color: #ffffff;\"><strong>Wenn Sie das Kontaktformular ausf\u00fcllen, werden wir Ihnen so schnell wie m\u00f6glich zur\u00fcckmelden.<\/strong><\/span><\/h5>\n<\/div><\/div><div class=\"button_wrapper column2\"><a itemprop=\"url\" href=\"https:\/\/www.altekkalip.com\/de\/kontakt\/\" class=\"qbutton white \" target=\"_self\" style=\"color: #1a1a1a;border-color: #ffffff;background-color: #ffffff;\"data-hover-background-color=#1a1a1a data-hover-border-color=#1a1a1a data-hover-color=#ffffff>KONTAKTFORMULAR<\/a><\/div><\/div><\/div><\/div>[\/vc_column][\/vc_row]<\/p>\n<\/div>","protected":false},"excerpt":{"rendered":"<p>[vc_row css_animation=&#8220;&#8220; row_type=&#8220;row&#8220; use_row_as_full_screen_section=&#8220;no&#8220; type=&#8220;grid&#8220; angled_section=&#8220;no&#8220; text_align=&#8220;left&#8220; background_image_as_pattern=&#8220;without_pattern&#8220; padding_top=&#8220;30&#8243; z_index=&#8220;&#8220;][vc_column][vc_column_text] GUSSEREI [\/vc_column_text][vc_separator type=&#8220;small&#8220; position=&#8220;left&#8220; up=&#8220;20&#8243; down=&#8220;30&#8243; color=&#8220;#312782&#8243; thickness=&#8220;4&#8243; width=&#8220;48&#8243;][vc_column_text css=&#8220;&#8220;]Unser Unternehmen f\u00fchrt mit den in unserem Hause vorhandenen Hochdruck-Metalldruckgussmaschinen und erfahrenem Personal f\u00fcr die Automobil-, Haushaltsger\u00e4te- und Zulieferindustrie Druckgussverfahren im Kaltkammer- und Warmkammersystem durch. Mit&#8230;<\/p>\n","protected":false},"author":1,"featured_media":0,"parent":0,"menu_order":0,"comment_status":"open","ping_status":"closed","template":"full_width.php","meta":{"footnotes":""},"class_list":["post-16559","page","type-page","status-publish","hentry"],"aioseo_notices":[],"post_mailing_queue_ids":[],"_links":{"self":[{"href":"https:\/\/www.altekkalip.com\/de\/wp-json\/wp\/v2\/pages\/16559","targetHints":{"allow":["GET"]}}],"collection":[{"href":"https:\/\/www.altekkalip.com\/de\/wp-json\/wp\/v2\/pages"}],"about":[{"href":"https:\/\/www.altekkalip.com\/de\/wp-json\/wp\/v2\/types\/page"}],"author":[{"embeddable":true,"href":"https:\/\/www.altekkalip.com\/de\/wp-json\/wp\/v2\/users\/1"}],"replies":[{"embeddable":true,"href":"https:\/\/www.altekkalip.com\/de\/wp-json\/wp\/v2\/comments?post=16559"}],"version-history":[{"count":6,"href":"https:\/\/www.altekkalip.com\/de\/wp-json\/wp\/v2\/pages\/16559\/revisions"}],"predecessor-version":[{"id":17090,"href":"https:\/\/www.altekkalip.com\/de\/wp-json\/wp\/v2\/pages\/16559\/revisions\/17090"}],"wp:attachment":[{"href":"https:\/\/www.altekkalip.com\/de\/wp-json\/wp\/v2\/media?parent=16559"}],"curies":[{"name":"wp","href":"https:\/\/api.w.org\/{rel}","templated":true}]}}