{"id":16544,"date":"2025-11-07T13:14:55","date_gmt":"2025-11-07T10:14:55","guid":{"rendered":"https:\/\/www.altekkalip.com\/home\/"},"modified":"2025-11-10T15:12:10","modified_gmt":"2025-11-10T12:12:10","slug":"home","status":"publish","type":"page","link":"https:\/\/www.altekkalip.com\/de\/","title":{"rendered":"Home"},"content":{"rendered":"<div class=\"wpb-content-wrapper\"><p>[vc_row css_animation=&#8220;&#8220; row_type=&#8220;row&#8220; use_row_as_full_screen_section=&#8220;no&#8220; type=&#8220;full_width&#8220; angled_section=&#8220;no&#8220; text_align=&#8220;left&#8220; background_image_as_pattern=&#8220;without_pattern&#8220; padding_bottom=&#8220;32&#8243; el_class=&#8220;gallery_nav_right&#8220;][vc_column]\n\t\t\t<!-- START homeslider1de REVOLUTION SLIDER 6.7.25 --><p class=\"rs-p-wp-fix\"><\/p>\n\t\t\t<rs-module-wrap id=\"rev_slider_3_1_wrapper\" data-source=\"gallery\" style=\"visibility:hidden;background:#303030;padding:0;margin:0px auto;margin-top:0;margin-bottom:0;\">\n\t\t\t\t<rs-module id=\"rev_slider_3_1\" style=\"\" data-version=\"6.7.25\">\n\t\t\t\t\t<rs-slides style=\"overflow: hidden; position: absolute;\">\n\t\t\t\t\t\t<rs-slide style=\"position: absolute;\" data-key=\"rs-7\" data-title=\"Slide\" data-thumb=\"\/\/www.altekkalip.com\/wp-content\/uploads\/2019\/05\/slide-1-100x50.jpg\" data-anim=\"e:slidingoverlay;\" data-in=\"o:1;x:-100%;\" data-out=\"a:false;\">\n\t\t\t\t\t\t\t<img decoding=\"async\" src=\"\/\/www.altekkalip.com\/wp-content\/plugins\/revslider\/sr6\/assets\/assets\/dummy.png\" alt=\"\" title=\"Home\" class=\"rev-slidebg tp-rs-img rs-lazyload\" data-lazyload=\"\/\/www.altekkalip.com\/wp-content\/uploads\/2019\/05\/slide-1.jpg\" data-parallax=\"9\" data-no-retina>\n<!--\n\t\t\t\t\t\t\t--><rs-layer\n\t\t\t\t\t\t\t\tid=\"slider-3-slide-7-layer-1\" \n\t\t\t\t\t\t\t\tdata-type=\"text\"\n\t\t\t\t\t\t\t\tdata-xy=\"xo:15px,25px,89px,43px;y:m;yo:-255px,-245px,-215px,-175px;\"\n\t\t\t\t\t\t\t\tdata-text=\"s:15;l:22;fw:700;a:inherit;\"\n\t\t\t\t\t\t\t\tdata-rsp_o=\"off\"\n\t\t\t\t\t\t\t\tdata-rsp_bd=\"off\"\n\t\t\t\t\t\t\t\tdata-frame_0=\"x:50px;\"\n\t\t\t\t\t\t\t\tdata-frame_1=\"e:power3.out;st:300;sp:500;sR:300;\"\n\t\t\t\t\t\t\t\tdata-frame_999=\"o:0;e:power3.out;st:5800;sR:5000;\"\n\t\t\t\t\t\t\t\tstyle=\"z-index:5;font-family:'Roboto';\"\n\t\t\t\t\t\t\t>ALTEK KALIP\n \n\t\t\t\t\t\t\t<\/rs-layer><!--\n\n\t\t\t\t\t\t\t--><rs-layer\n\t\t\t\t\t\t\t\tid=\"slider-3-slide-7-layer-2\" \n\t\t\t\t\t\t\t\tdata-type=\"image\"\n\t\t\t\t\t\t\t\tdata-xy=\"xo:1px,11px,75px,29px;y:m;yo:-255px,-245px,-215px,-175px;\"\n\t\t\t\t\t\t\t\tdata-text=\"l:22;a:inherit;\"\n\t\t\t\t\t\t\t\tdata-dim=\"w:[&#039;4px&#039;,&#039;4px&#039;,&#039;4px&#039;,&#039;4px&#039;];h:[&#039;19px&#039;,&#039;19px&#039;,&#039;19px&#039;,&#039;19px&#039;];\"\n\t\t\t\t\t\t\t\tdata-rsp_o=\"off\"\n\t\t\t\t\t\t\t\tdata-rsp_bd=\"off\"\n\t\t\t\t\t\t\t\tdata-frame_0=\"x:50px;\"\n\t\t\t\t\t\t\t\tdata-frame_1=\"e:power3.out;st:300;sp:500;sR:300;\"\n\t\t\t\t\t\t\t\tdata-frame_999=\"o:0;e:power3.out;st:5800;sR:5000;\"\n\t\t\t\t\t\t\t\tstyle=\"z-index:6;\"\n\t\t\t\t\t\t\t><img decoding=\"async\" src=\"\/\/www.altekkalip.com\/wp-content\/plugins\/revslider\/sr6\/assets\/assets\/dummy.png\" alt=\"\" class=\"tp-rs-img rs-lazyload\" width=\"4\" height=\"19\" data-lazyload=\"\/\/www.altekkalip.com\/wp-content\/uploads\/2020\/09\/slider-10.png\" data-no-retina> \n\t\t\t\t\t\t\t<\/rs-layer><!--\n\n\t\t\t\t\t\t\t--><rs-layer\n\t\t\t\t\t\t\t\tid=\"slider-3-slide-7-layer-3\" \n\t\t\t\t\t\t\t\tdata-type=\"text\"\n\t\t\t\t\t\t\t\tdata-xy=\"xo:2px,10px,74px,26px;y:m;yo:-115px,-145px,-115px,-75px;\"\n\t\t\t\t\t\t\t\tdata-text=\"w:normal;s:48,68,58,38;l:53,73,73,43;fw:700;a:inherit;\"\n\t\t\t\t\t\t\t\tdata-dim=\"w:804px,722px,616px,298px;h:227px,auto,147px,148px;\"\n\t\t\t\t\t\t\t\tdata-rsp_o=\"off\"\n\t\t\t\t\t\t\t\tdata-rsp_bd=\"off\"\n\t\t\t\t\t\t\t\tdata-frame_0=\"x:50px;\"\n\t\t\t\t\t\t\t\tdata-frame_1=\"e:power3.out;st:500;sp:500;sR:500;\"\n\t\t\t\t\t\t\t\tdata-frame_999=\"o:0;e:power3.out;st:5800;sR:4800;\"\n\t\t\t\t\t\t\t\tstyle=\"z-index:7;font-family:'Roboto';\"\n\t\t\t\t\t\t\t>Wir vereinen Technologien f\u00fcr <span style=\" color: #0000A0;\"> Qualit\u00e4t<\/span> \n\t\t\t\t\t\t\t<\/rs-layer><!--\n\n\t\t\t\t\t\t\t--><rs-layer\n\t\t\t\t\t\t\t\tid=\"slider-3-slide-7-layer-4\" \n\t\t\t\t\t\t\t\tdata-type=\"text\"\n\t\t\t\t\t\t\t\tdata-xy=\"xo:0,10px,74px,30px;y:m;yo:-27px,-27px,3px,83px;\"\n\t\t\t\t\t\t\t\tdata-text=\"w:normal;s:18,18,18,16;l:28;fw:300;a:inherit;\"\n\t\t\t\t\t\t\t\tdata-dim=\"w:440px,657px,570px,236px;h:59px,58px,59px,auto;\"\n\t\t\t\t\t\t\t\tdata-rsp_o=\"off\"\n\t\t\t\t\t\t\t\tdata-rsp_bd=\"off\"\n\t\t\t\t\t\t\t\tdata-frame_0=\"x:50px;\"\n\t\t\t\t\t\t\t\tdata-frame_1=\"e:power3.out;st:700;sp:500;sR:700;\"\n\t\t\t\t\t\t\t\tdata-frame_999=\"o:0;e:power3.out;st:5800;sR:4600;\"\n\t\t\t\t\t\t\t\tstyle=\"z-index:8;font-family:'Roboto';\"\n\t\t\t\t\t\t\t>Wir bieten Dienstleistungen mit moderner und technologischer Ausstattung. \n\t\t\t\t\t\t\t<\/rs-layer><!--\n\n\t\t\t\t\t\t\t--><rs-layer\n\t\t\t\t\t\t\t\tid=\"slider-3-slide-7-layer-5\" \n\t\t\t\t\t\t\t\tdata-type=\"text\"\n\t\t\t\t\t\t\t\tdata-xy=\"xo:0,10px,74px,74px;y:m;yo:70px,60px,90px,90px;\"\n\t\t\t\t\t\t\t\tdata-text=\"w:normal;l:22;a:inherit;\"\n\t\t\t\t\t\t\t\tdata-vbility=\"t,t,t,f\"\n\t\t\t\t\t\t\t\tdata-rsp_o=\"off\"\n\t\t\t\t\t\t\t\tdata-rsp_bd=\"off\"\n\t\t\t\t\t\t\t\tdata-frame_0=\"x:50px;\"\n\t\t\t\t\t\t\t\tdata-frame_1=\"e:power3.out;st:900;sp:500;sR:900;\"\n\t\t\t\t\t\t\t\tdata-frame_999=\"o:0;e:power3.out;st:5800;sR:4400;\"\n\t\t\t\t\t\t\t\tstyle=\"z-index:9;font-family:'Roboto';\"\n\t\t\t\t\t\t\t><a  itemprop=\"url\" href=\"https:\/\/www.altekkalip.com\/de\/uber-uns\/\" target=\"_self\"  class=\"qbutton  default\" style=\"\">\u00dcBER UNS<\/a> \n\t\t\t\t\t\t\t<\/rs-layer><!--\n-->\t\t\t\t\t<\/rs-slide>\n\t\t\t\t\t\t<rs-slide style=\"position: absolute;\" data-key=\"rs-8\" data-title=\"Slide\" data-thumb=\"\/\/www.altekkalip.com\/wp-content\/uploads\/2019\/05\/slide-2-100x50.jpg\" data-anim=\"e:slidingoverlay;\" data-in=\"o:1;x:-100%;\" data-out=\"a:false;\">\n\t\t\t\t\t\t\t<img decoding=\"async\" src=\"\/\/www.altekkalip.com\/wp-content\/plugins\/revslider\/sr6\/assets\/assets\/dummy.png\" alt=\"\" title=\"Home\" class=\"rev-slidebg tp-rs-img rs-lazyload\" data-lazyload=\"\/\/www.altekkalip.com\/wp-content\/uploads\/2019\/05\/slide-2.jpg\" data-parallax=\"9\" data-no-retina>\n<!--\n\t\t\t\t\t\t\t--><rs-layer\n\t\t\t\t\t\t\t\tid=\"slider-3-slide-8-layer-1\" \n\t\t\t\t\t\t\t\tdata-type=\"text\"\n\t\t\t\t\t\t\t\tdata-xy=\"xo:15px,25px,89px,43px;y:m;yo:-255px,-245px,-215px,-175px;\"\n\t\t\t\t\t\t\t\tdata-text=\"s:15;l:22;fw:700;a:inherit;\"\n\t\t\t\t\t\t\t\tdata-rsp_o=\"off\"\n\t\t\t\t\t\t\t\tdata-rsp_bd=\"off\"\n\t\t\t\t\t\t\t\tdata-frame_0=\"x:50px;\"\n\t\t\t\t\t\t\t\tdata-frame_1=\"e:power3.out;st:300;sp:500;sR:300;\"\n\t\t\t\t\t\t\t\tdata-frame_999=\"o:0;e:power3.out;st:5800;sR:5000;\"\n\t\t\t\t\t\t\t\tstyle=\"z-index:5;font-family:'Roboto';\"\n\t\t\t\t\t\t\t>ALTEK KALIP \n\t\t\t\t\t\t\t<\/rs-layer><!--\n\n\t\t\t\t\t\t\t--><rs-layer\n\t\t\t\t\t\t\t\tid=\"slider-3-slide-8-layer-2\" \n\t\t\t\t\t\t\t\tdata-type=\"image\"\n\t\t\t\t\t\t\t\tdata-xy=\"xo:1px,11px,75px,29px;y:m;yo:-255px,-245px,-215px,-175px;\"\n\t\t\t\t\t\t\t\tdata-text=\"l:22;a:inherit;\"\n\t\t\t\t\t\t\t\tdata-dim=\"w:[&#039;4px&#039;,&#039;4px&#039;,&#039;4px&#039;,&#039;4px&#039;];h:[&#039;19px&#039;,&#039;19px&#039;,&#039;19px&#039;,&#039;19px&#039;];\"\n\t\t\t\t\t\t\t\tdata-rsp_o=\"off\"\n\t\t\t\t\t\t\t\tdata-rsp_bd=\"off\"\n\t\t\t\t\t\t\t\tdata-frame_0=\"x:50px;\"\n\t\t\t\t\t\t\t\tdata-frame_1=\"e:power3.out;st:300;sp:500;sR:300;\"\n\t\t\t\t\t\t\t\tdata-frame_999=\"o:0;e:power3.out;st:5800;sR:5000;\"\n\t\t\t\t\t\t\t\tstyle=\"z-index:6;\"\n\t\t\t\t\t\t\t><img decoding=\"async\" src=\"\/\/www.altekkalip.com\/wp-content\/plugins\/revslider\/sr6\/assets\/assets\/dummy.png\" alt=\"\" class=\"tp-rs-img rs-lazyload\" width=\"4\" height=\"19\" data-lazyload=\"\/\/www.altekkalip.com\/wp-content\/uploads\/2020\/09\/slider-10.png\" data-no-retina> \n\t\t\t\t\t\t\t<\/rs-layer><!--\n\n\t\t\t\t\t\t\t--><rs-layer\n\t\t\t\t\t\t\t\tid=\"slider-3-slide-8-layer-3\" \n\t\t\t\t\t\t\t\tdata-type=\"text\"\n\t\t\t\t\t\t\t\tdata-xy=\"xo:0,10px,74px,26px;y:m;yo:-155px,-145px,-115px,-75px;\"\n\t\t\t\t\t\t\t\tdata-text=\"w:normal;s:48,68,58,38;l:53,73,73,43;fw:700;a:inherit;\"\n\t\t\t\t\t\t\t\tdata-dim=\"w:641px,722px,616px,298px;h:147px,auto,147px,148px;\"\n\t\t\t\t\t\t\t\tdata-rsp_o=\"off\"\n\t\t\t\t\t\t\t\tdata-rsp_bd=\"off\"\n\t\t\t\t\t\t\t\tdata-frame_0=\"x:50px;\"\n\t\t\t\t\t\t\t\tdata-frame_1=\"e:power3.out;st:500;sp:500;sR:500;\"\n\t\t\t\t\t\t\t\tdata-frame_999=\"o:0;e:power3.out;st:5800;sR:4800;\"\n\t\t\t\t\t\t\t\tstyle=\"z-index:7;font-family:'Roboto';\"\n\t\t\t\t\t\t\t>Wir verfolgen die Entwicklungen<span style=\" color: #0000A0;\"> in der Branche. <\/span> \n\t\t\t\t\t\t\t<\/rs-layer><!--\n\n\t\t\t\t\t\t\t--><rs-layer\n\t\t\t\t\t\t\t\tid=\"slider-3-slide-8-layer-4\" \n\t\t\t\t\t\t\t\tdata-type=\"text\"\n\t\t\t\t\t\t\t\tdata-xy=\"xo:0,10px,74px,30px;y:m;yo:-27px,-27px,3px,83px;\"\n\t\t\t\t\t\t\t\tdata-text=\"w:normal;s:18,18,18,16;l:28;fw:300;a:inherit;\"\n\t\t\t\t\t\t\t\tdata-dim=\"w:518px,657px,570px,236px;h:59px,58px,59px,auto;\"\n\t\t\t\t\t\t\t\tdata-rsp_o=\"off\"\n\t\t\t\t\t\t\t\tdata-rsp_bd=\"off\"\n\t\t\t\t\t\t\t\tdata-frame_0=\"x:50px;\"\n\t\t\t\t\t\t\t\tdata-frame_1=\"e:power3.out;st:700;sp:500;sR:700;\"\n\t\t\t\t\t\t\t\tdata-frame_999=\"o:0;e:power3.out;st:5800;sR:4600;\"\n\t\t\t\t\t\t\t\tstyle=\"z-index:8;font-family:'Roboto';\"\n\t\t\t\t\t\t\t>Wir bringen unsere Erfahrung und unser Fachwissen in jede Phase des Projekts ein. \n\t\t\t\t\t\t\t<\/rs-layer><!--\n\n\t\t\t\t\t\t\t--><rs-layer\n\t\t\t\t\t\t\t\tid=\"slider-3-slide-8-layer-5\" \n\t\t\t\t\t\t\t\tdata-type=\"text\"\n\t\t\t\t\t\t\t\tdata-xy=\"xo:0,10px,74px,74px;y:m;yo:70px,60px,90px,90px;\"\n\t\t\t\t\t\t\t\tdata-text=\"w:normal;l:22;a:inherit;\"\n\t\t\t\t\t\t\t\tdata-vbility=\"t,t,t,f\"\n\t\t\t\t\t\t\t\tdata-rsp_o=\"off\"\n\t\t\t\t\t\t\t\tdata-rsp_bd=\"off\"\n\t\t\t\t\t\t\t\tdata-frame_0=\"x:50px;\"\n\t\t\t\t\t\t\t\tdata-frame_1=\"e:power3.out;st:900;sp:500;sR:900;\"\n\t\t\t\t\t\t\t\tdata-frame_999=\"o:0;e:power3.out;st:5800;sR:4400;\"\n\t\t\t\t\t\t\t\tstyle=\"z-index:9;font-family:'Roboto';\"\n\t\t\t\t\t\t\t><a  itemprop=\"url\" href=\"https:\/\/www.altekkalip.com\/de\/uber-uns\/\" target=\"_self\"  class=\"qbutton  default\" style=\"\">\u00dcBER UNS<\/a> \n\t\t\t\t\t\t\t<\/rs-layer><!--\n-->\t\t\t\t\t<\/rs-slide>\n\t\t\t\t\t\t<rs-slide style=\"position: absolute;\" data-key=\"rs-9\" data-title=\"Slide\" data-thumb=\"\/\/www.altekkalip.com\/wp-content\/uploads\/2019\/05\/slide-3-100x50.jpg\" data-anim=\"e:slidingoverlay;\" data-in=\"o:1;x:-100%;\" data-out=\"a:false;\">\n\t\t\t\t\t\t\t<img decoding=\"async\" src=\"\/\/www.altekkalip.com\/wp-content\/plugins\/revslider\/sr6\/assets\/assets\/dummy.png\" alt=\"\" title=\"Home\" class=\"rev-slidebg tp-rs-img rs-lazyload\" data-lazyload=\"\/\/www.altekkalip.com\/wp-content\/uploads\/2019\/05\/slide-3.jpg\" data-parallax=\"9\" data-no-retina>\n<!--\n\t\t\t\t\t\t\t--><rs-layer\n\t\t\t\t\t\t\t\tid=\"slider-3-slide-9-layer-1\" \n\t\t\t\t\t\t\t\tdata-type=\"text\"\n\t\t\t\t\t\t\t\tdata-xy=\"xo:15px,25px,89px,43px;y:m;yo:-255px,-245px,-215px,-175px;\"\n\t\t\t\t\t\t\t\tdata-text=\"s:15;l:22;fw:700;a:inherit;\"\n\t\t\t\t\t\t\t\tdata-rsp_o=\"off\"\n\t\t\t\t\t\t\t\tdata-rsp_bd=\"off\"\n\t\t\t\t\t\t\t\tdata-frame_0=\"x:50px;\"\n\t\t\t\t\t\t\t\tdata-frame_1=\"e:power3.out;st:300;sp:500;sR:300;\"\n\t\t\t\t\t\t\t\tdata-frame_999=\"o:0;e:power3.out;st:5800;sR:5000;\"\n\t\t\t\t\t\t\t\tstyle=\"z-index:5;font-family:'Roboto';\"\n\t\t\t\t\t\t\t>ALTEK KALIP \n\t\t\t\t\t\t\t<\/rs-layer><!--\n\n\t\t\t\t\t\t\t--><rs-layer\n\t\t\t\t\t\t\t\tid=\"slider-3-slide-9-layer-2\" \n\t\t\t\t\t\t\t\tdata-type=\"image\"\n\t\t\t\t\t\t\t\tdata-xy=\"xo:1px,11px,75px,29px;y:m;yo:-255px,-245px,-215px,-175px;\"\n\t\t\t\t\t\t\t\tdata-text=\"l:22;a:inherit;\"\n\t\t\t\t\t\t\t\tdata-dim=\"w:[&#039;4px&#039;,&#039;4px&#039;,&#039;4px&#039;,&#039;4px&#039;];h:[&#039;19px&#039;,&#039;19px&#039;,&#039;19px&#039;,&#039;19px&#039;];\"\n\t\t\t\t\t\t\t\tdata-rsp_o=\"off\"\n\t\t\t\t\t\t\t\tdata-rsp_bd=\"off\"\n\t\t\t\t\t\t\t\tdata-frame_0=\"x:50px;\"\n\t\t\t\t\t\t\t\tdata-frame_1=\"e:power3.out;st:300;sp:500;sR:300;\"\n\t\t\t\t\t\t\t\tdata-frame_999=\"o:0;e:power3.out;st:5800;sR:5000;\"\n\t\t\t\t\t\t\t\tstyle=\"z-index:6;\"\n\t\t\t\t\t\t\t><img decoding=\"async\" src=\"\/\/www.altekkalip.com\/wp-content\/plugins\/revslider\/sr6\/assets\/assets\/dummy.png\" alt=\"\" class=\"tp-rs-img rs-lazyload\" width=\"4\" height=\"19\" data-lazyload=\"\/\/www.altekkalip.com\/wp-content\/uploads\/2020\/09\/slider-10.png\" data-no-retina> \n\t\t\t\t\t\t\t<\/rs-layer><!--\n\n\t\t\t\t\t\t\t--><rs-layer\n\t\t\t\t\t\t\t\tid=\"slider-3-slide-9-layer-3\" \n\t\t\t\t\t\t\t\tdata-type=\"text\"\n\t\t\t\t\t\t\t\tdata-xy=\"xo:0,10px,74px,26px;y:m;yo:-155px,-145px,-115px,-75px;\"\n\t\t\t\t\t\t\t\tdata-text=\"w:normal;s:48,68,58,38;l:53,73,73,43;fw:700;a:inherit;\"\n\t\t\t\t\t\t\t\tdata-dim=\"w:722px,722px,616px,298px;h:auto,auto,147px,148px;\"\n\t\t\t\t\t\t\t\tdata-rsp_o=\"off\"\n\t\t\t\t\t\t\t\tdata-rsp_bd=\"off\"\n\t\t\t\t\t\t\t\tdata-frame_0=\"x:50px;\"\n\t\t\t\t\t\t\t\tdata-frame_1=\"e:power3.out;st:500;sp:500;sR:500;\"\n\t\t\t\t\t\t\t\tdata-frame_999=\"o:0;e:power3.out;st:5800;sR:4800;\"\n\t\t\t\t\t\t\t\tstyle=\"z-index:7;font-family:'Roboto';\"\n\t\t\t\t\t\t\t>Wir bieten qualitativ hochwertige und zuverl\u00e4ssige <span style=\" color: #0000A0;\">L\u00f6sungen.<\/span> \n\t\t\t\t\t\t\t<\/rs-layer><!--\n\n\t\t\t\t\t\t\t--><rs-layer\n\t\t\t\t\t\t\t\tid=\"slider-3-slide-9-layer-4\" \n\t\t\t\t\t\t\t\tdata-type=\"text\"\n\t\t\t\t\t\t\t\tdata-xy=\"xo:0,10px,74px,30px;y:m;yo:-27px,-27px,3px,83px;\"\n\t\t\t\t\t\t\t\tdata-text=\"w:normal;s:18,18,18,16;l:28;fw:300;a:inherit;\"\n\t\t\t\t\t\t\t\tdata-dim=\"w:513px,657px,570px,236px;h:59px,58px,59px,auto;\"\n\t\t\t\t\t\t\t\tdata-rsp_o=\"off\"\n\t\t\t\t\t\t\t\tdata-rsp_bd=\"off\"\n\t\t\t\t\t\t\t\tdata-frame_0=\"x:50px;\"\n\t\t\t\t\t\t\t\tdata-frame_1=\"e:power3.out;st:700;sp:500;sR:700;\"\n\t\t\t\t\t\t\t\tdata-frame_999=\"o:0;e:power3.out;st:5800;sR:4600;\"\n\t\t\t\t\t\t\t\tstyle=\"z-index:8;font-family:'Roboto';\"\n\t\t\t\t\t\t\t>Branchengerechte Materialauswahl und Produktionsqualit\u00e4t. \n\t\t\t\t\t\t\t<\/rs-layer><!--\n\n\t\t\t\t\t\t\t--><rs-layer\n\t\t\t\t\t\t\t\tid=\"slider-3-slide-9-layer-5\" \n\t\t\t\t\t\t\t\tdata-type=\"text\"\n\t\t\t\t\t\t\t\tdata-xy=\"xo:0,10px,74px,74px;y:m;yo:70px,60px,90px,90px;\"\n\t\t\t\t\t\t\t\tdata-text=\"w:normal;l:22;a:inherit;\"\n\t\t\t\t\t\t\t\tdata-vbility=\"t,t,t,f\"\n\t\t\t\t\t\t\t\tdata-rsp_o=\"off\"\n\t\t\t\t\t\t\t\tdata-rsp_bd=\"off\"\n\t\t\t\t\t\t\t\tdata-frame_0=\"x:50px;\"\n\t\t\t\t\t\t\t\tdata-frame_1=\"e:power3.out;st:900;sp:500;sR:900;\"\n\t\t\t\t\t\t\t\tdata-frame_999=\"o:0;e:power3.out;st:5800;sR:4400;\"\n\t\t\t\t\t\t\t\tstyle=\"z-index:9;font-family:'Roboto';\"\n\t\t\t\t\t\t\t><a  itemprop=\"url\" href=\"https:\/\/www.altekkalip.com\/de\/uber-uns\/\" target=\"_self\"  class=\"qbutton  default\" style=\"\">\u00dcBER UNS<\/a> \n\t\t\t\t\t\t\t<\/rs-layer><!--\n-->\t\t\t\t\t<\/rs-slide>\n\t\t\t\t\t<\/rs-slides>\n\t\t\t\t<\/rs-module>\n\t\t\t\t<script>\n\t\t\t\t\tsetREVStartSize({c: 'rev_slider_3_1',rl:[1240,1024,778,480],el:[700,600,600,400],gw:[1300,1100,750,376],gh:[700,600,600,400],type:'standard',justify:'',layout:'fullwidth',mh:\"0\"});if (window.RS_MODULES!==undefined && window.RS_MODULES.modules!==undefined && window.RS_MODULES.modules[\"revslider31\"]!==undefined) {window.RS_MODULES.modules[\"revslider31\"].once = false;window.revapi3 = undefined;if (window.RS_MODULES.checkMinimal!==undefined) window.RS_MODULES.checkMinimal()}\n\t\t\t\t<\/script>\n\t\t\t<\/rs-module-wrap>\n\t\t\t<!-- END REVOLUTION SLIDER -->\n[vc_row_inner row_type=&#8220;row&#8220; type=&#8220;grid&#8220; text_align=&#8220;center&#8220; css_animation=&#8220;&#8220; css=&#8220;.vc_custom_1561709553462{margin-top: -50px !important;}&#8220;][vc_column_inner width=&#8220;1\/4&#8243;][vc_empty_space height=&#8220;12px&#8220;][qode_elements_holder number_of_columns=&#8220;one_column&#8220;][qode_elements_holder_item advanced_animations=&#8220;no&#8220;][vc_single_image image=&#8220;16555&#8243; img_size=&#8220;full&#8220; qode_css_animation=&#8220;&#8220;][vc_empty_space height=&#8220;12px&#8220;][vc_column_text]<\/p>\n<h2>FORMENBAU<\/h2>\n<p>[\/vc_column_text][vc_empty_space height=&#8220;12px&#8220;][vc_column_text css=&#8220;&#8220;]Nach der Freigabe des vom Kunden best\u00e4tigten Formdesigns beginnt die Herstellung der Form. Die erforderlichen&#8230;[\/vc_column_text][vc_empty_space height=&#8220;12px&#8220;]<a  itemprop=\"url\" href=\"\/formenbau\/\" target=\"_self\" data-hover-background-color=#ffffff  class=\"qbutton  default\" style=\"background-color: #312782;\">Mehr lesen<\/a>[\/qode_elements_holder_item][\/qode_elements_holder][\/vc_column_inner][vc_column_inner width=&#8220;1\/4&#8243;][vc_empty_space height=&#8220;12px&#8220;][qode_elements_holder number_of_columns=&#8220;one_column&#8220;][qode_elements_holder_item advanced_animations=&#8220;no&#8220;][vc_single_image image=&#8220;16562&#8243; img_size=&#8220;full&#8220; qode_css_animation=&#8220;&#8220;][vc_empty_space height=&#8220;12px&#8220;][vc_column_text]<\/p>\n<h2>GUSSEREI<\/h2>\n<p>[\/vc_column_text][vc_empty_space height=&#8220;12px&#8220;][vc_column_text css=&#8220;&#8220;]Unser Unternehmen f\u00fchrt mit den in unserem Hause vorhandenen Hochdruck-Metalldruckgussmaschinen&#8230;[\/vc_column_text][vc_empty_space height=&#8220;12px&#8220;]<a  itemprop=\"url\" href=\"\/gusserei\/\" target=\"_self\" data-hover-background-color=#ffffff  class=\"qbutton  default\" style=\"background-color: #312782;\">Mehr lesen<\/a>[\/qode_elements_holder_item][\/qode_elements_holder][\/vc_column_inner][vc_column_inner width=&#8220;1\/4&#8243;][vc_empty_space height=&#8220;12px&#8220;][qode_elements_holder number_of_columns=&#8220;one_column&#8220;][qode_elements_holder_item advanced_animations=&#8220;no&#8220;][vc_single_image image=&#8220;16554&#8243; img_size=&#8220;full&#8220; qode_css_animation=&#8220;&#8220;][vc_empty_space height=&#8220;12px&#8220;][vc_column_text]<\/p>\n<h2>BEARBEITUNG<\/h2>\n<p>[\/vc_column_text][vc_empty_space height=&#8220;12px&#8220;][vc_column_text css=&#8220;&#8220;]In unserem hochpr\u00e4zisen, automatisierten und auf die Erwartungen unserer Kunden abgestimmten Maschinenpark&#8230;[\/vc_column_text][vc_empty_space height=&#8220;12px&#8220;]<a  itemprop=\"url\" href=\"\/bearbeitung\/\" target=\"_self\" data-hover-background-color=#ffffff  class=\"qbutton  default\" style=\"background-color: #312782;\">Mehr lesen<\/a>[\/qode_elements_holder_item][\/qode_elements_holder][\/vc_column_inner][vc_column_inner width=&#8220;1\/4&#8243;][vc_empty_space height=&#8220;12px&#8220;][qode_elements_holder number_of_columns=&#8220;one_column&#8220;][qode_elements_holder_item advanced_animations=&#8220;no&#8220;][vc_single_image image=&#8220;16552&#8243; img_size=&#8220;full&#8220; qode_css_animation=&#8220;&#8220;][vc_empty_space height=&#8220;12px&#8220;][vc_column_text css=&#8220;&#8220;]<\/p>\n<h2>Unterst\u00fctzende Prozesse<\/h2>\n<p>[\/vc_column_text][vc_empty_space height=&#8220;12px&#8220;][vc_column_text css=&#8220;&#8220;]Die Entgratung der nach dem Gie\u00df- und Trimmprozess gefertigten Produkte wird von unserem erfahrenen&#8230;[\/vc_column_text][vc_empty_space height=&#8220;12px&#8220;]<a  itemprop=\"url\" href=\"\/unterst\u00fctzende-prozesse\/\" target=\"_self\" data-hover-background-color=#ffffff  class=\"qbutton  default\" style=\"background-color: #312782;\">Mehr lesen<\/a>[\/qode_elements_holder_item][\/qode_elements_holder][\/vc_column_inner][\/vc_row_inner][\/vc_column][\/vc_row][vc_row css_animation=&#8220;&#8220; row_type=&#8220;row&#8220; use_row_as_full_screen_section=&#8220;no&#8220; type=&#8220;full_width&#8220; angled_section=&#8220;no&#8220; text_align=&#8220;left&#8220; background_image_as_pattern=&#8220;without_pattern&#8220;][vc_column][vc_column_text]<\/p>\n<p>[\/vc_column_text][\/vc_column][\/vc_row][vc_row css_animation=&#8220;&#8220; row_type=&#8220;row&#8220; use_row_as_full_screen_section=&#8220;no&#8220; type=&#8220;grid&#8220; angled_section=&#8220;no&#8220; text_align=&#8220;left&#8220; background_image_as_pattern=&#8220;without_pattern&#8220; padding_top=&#8220;65&#8243; padding_bottom=&#8220;65&#8243; z_index=&#8220;&#8220; css=&#8220;.vc_custom_1542829994784{background-color: #ecebeb !important;}&#8220;][vc_column width=&#8220;2\/3&#8243; offset=&#8220;vc_col-sm-offset-2&#8243;][vc_column_text]<\/p>\n<h1 style=\"text-align: center;\">ALTEK KALIP<\/h1>\n<p>[\/vc_column_text][vc_separator type=&#8220;small&#8220; position=&#8220;center&#8220; color=&#8220;#312782&#8243; thickness=&#8220;4&#8243; width=&#8220;48&#8243; up=&#8220;17&#8243; down=&#8220;25&#8243;][vc_column_text css=&#8220;&#8220;]<\/p>\n<div class=\"wpb_text_column wpb_content_element \">\n<div class=\"wpb_wrapper\">\n<p>Altek Kal\u0131p ve Pres D\u00f6k\u00fcm verf\u00fcgt \u00fcber mehr als 50 Jahre Erfahrung seit 1973 und setzt seine T\u00e4tigkeiten seit der Neustrukturierung im Jahr 2013 in Tuzla \/ Istanbul fort. Unser Unternehmen bietet mit seinem in diesem Bereich spezialisierten Team die Herstellung von Druckgussformen, Hochdruck-Kaltkammer- und Warmkammer-Druckguss sowie die mechanische Bearbeitung mit CNC- und Universalmaschinen f\u00fcr verschiedene Branchen an. Wir k\u00f6nnen Aluminium- und Zamak-Druckgussteile im Bereich von 5 g bis 7500 g herstellen und bieten unseren Kunden durch Formherstellung und Bearbeitungsunterst\u00fctzung einen Kostenvorteil pro Einheit.<\/p>\n<p>&nbsp;<\/p>\n<p>Unser Unternehmen arbeitet mit h\u00f6chstem Engagement daran, seinen Kunden den bestm\u00f6glichen Service zu bieten und produziert unter anderem f\u00fcr die folgenden Bereiche:<\/p>\n<p>&nbsp;<\/p>\n<p>Automobilindustrie, Elektro-, Elektronik- und Beleuchtungssektor, Geschenkartikel, Brenner- und Kesselverbindungsteile, M\u00f6bel- und Maschinenteile sowie Hauptrahmen- und Verbindungselemente f\u00fcr Lastkraftwagen.<\/p>\n<p>&nbsp;<\/p>\n<p>Die wichtigsten Branchen und M\u00e4rkte, in denen die hergestellten Teile verwendet werden, sind:<\/p>\n<ul>\n<li>Automobilindustrie<\/li>\n<li>Elektro- und Elektronikindustrie<\/li>\n<li>Eisenwaren und Befestigungstechnik<\/li>\n<li>M\u00f6belindustrie<\/li>\n<li>Maschinenteile<\/li>\n<li>Industrieprodukte<\/li>\n<li>Telekommunikation<\/li>\n<li>Fenster- und T\u00fcrbeschl\u00e4ge<\/li>\n<li>Werkzeuge und Einzelhandelsprodukte<\/li>\n<li>Beleuchtungsindustrie<\/li>\n<\/ul>\n<\/div>\n<\/div>\n<p>[\/vc_column_text][\/vc_column][\/vc_row][vc_row css_animation=&#8220;&#8220; row_type=&#8220;row&#8220; use_row_as_full_screen_section=&#8220;no&#8220; type=&#8220;grid&#8220; angled_section=&#8220;no&#8220; text_align=&#8220;left&#8220; background_image_as_pattern=&#8220;without_pattern&#8220; padding_top=&#8220;7&#8243; padding_bottom=&#8220;2&#8243; css=&#8220;.vc_custom_1562068908150{background-color: #312782 !important;}&#8220; z_index=&#8220;&#8220;][vc_column]<div class=\"container_inner\"><div class=\"call_to_action normal\" style=\"background-color: #312782;\"><div class=\"two_columns_75_25 clearfix\"><div class=\"text_wrapper column1\"><div class=\"call_to_action_text \" style=\"\">\n<h2><span style=\"color: #ffffff;\">Kontakt : + 90 216 482 41 46<br \/>\n<\/span><\/h2>\n<h5><span style=\"color: #ffffff;\"><strong>Wenn Sie das Kontaktformular ausf\u00fcllen, werden wir Ihnen so schnell wie m\u00f6glich zur\u00fcckmelden.<\/strong><\/span><\/h5>\n<\/div><\/div><div class=\"button_wrapper column2\"><a itemprop=\"url\" href=\"https:\/\/www.altekkalip.com\/de\/kontakt\/\" class=\"qbutton white \" target=\"_self\" style=\"color: #1a1a1a;border-color: #ffffff;background-color: #ffffff;\"data-hover-background-color=#1a1a1a data-hover-border-color=#1a1a1a data-hover-color=#ffffff>KONTAKTFORMULAR<\/a><\/div><\/div><\/div><\/div>[\/vc_column][\/vc_row]<\/p>\n<\/div>","protected":false},"excerpt":{"rendered":"<p>[vc_row css_animation=&#8220;&#8220; row_type=&#8220;row&#8220; use_row_as_full_screen_section=&#8220;no&#8220; type=&#8220;full_width&#8220; angled_section=&#8220;no&#8220; text_align=&#8220;left&#8220; background_image_as_pattern=&#8220;without_pattern&#8220; padding_bottom=&#8220;32&#8243; el_class=&#8220;gallery_nav_right&#8220;][vc_column][vc_row_inner row_type=&#8220;row&#8220; type=&#8220;grid&#8220; text_align=&#8220;center&#8220; css_animation=&#8220;&#8220; css=&#8220;.vc_custom_1561709553462{margin-top: -50px !important;}&#8220;][vc_column_inner width=&#8220;1\/4&#8243;][vc_empty_space height=&#8220;12px&#8220;][qode_elements_holder number_of_columns=&#8220;one_column&#8220;][qode_elements_holder_item advanced_animations=&#8220;no&#8220;][vc_single_image image=&#8220;16555&#8243; img_size=&#8220;full&#8220; qode_css_animation=&#8220;&#8220;][vc_empty_space height=&#8220;12px&#8220;][vc_column_text] FORMENBAU [\/vc_column_text][vc_empty_space height=&#8220;12px&#8220;][vc_column_text css=&#8220;&#8220;]Nach der Freigabe des vom Kunden best\u00e4tigten Formdesigns beginnt die Herstellung der Form. Die erforderlichen&#8230;[\/vc_column_text][vc_empty_space height=&#8220;12px&#8220;][\/qode_elements_holder_item][\/qode_elements_holder][\/vc_column_inner][vc_column_inner width=&#8220;1\/4&#8243;][vc_empty_space&#8230;<\/p>\n","protected":false},"author":1,"featured_media":0,"parent":0,"menu_order":0,"comment_status":"open","ping_status":"closed","template":"full_width.php","meta":{"footnotes":""},"class_list":["post-16544","page","type-page","status-publish","hentry"],"aioseo_notices":[],"post_mailing_queue_ids":[],"_links":{"self":[{"href":"https:\/\/www.altekkalip.com\/de\/wp-json\/wp\/v2\/pages\/16544","targetHints":{"allow":["GET"]}}],"collection":[{"href":"https:\/\/www.altekkalip.com\/de\/wp-json\/wp\/v2\/pages"}],"about":[{"href":"https:\/\/www.altekkalip.com\/de\/wp-json\/wp\/v2\/types\/page"}],"author":[{"embeddable":true,"href":"https:\/\/www.altekkalip.com\/de\/wp-json\/wp\/v2\/users\/1"}],"replies":[{"embeddable":true,"href":"https:\/\/www.altekkalip.com\/de\/wp-json\/wp\/v2\/comments?post=16544"}],"version-history":[{"count":7,"href":"https:\/\/www.altekkalip.com\/de\/wp-json\/wp\/v2\/pages\/16544\/revisions"}],"predecessor-version":[{"id":16851,"href":"https:\/\/www.altekkalip.com\/de\/wp-json\/wp\/v2\/pages\/16544\/revisions\/16851"}],"wp:attachment":[{"href":"https:\/\/www.altekkalip.com\/de\/wp-json\/wp\/v2\/media?parent=16544"}],"curies":[{"name":"wp","href":"https:\/\/api.w.org\/{rel}","templated":true}]}}